{"id":11390,"date":"2020-06-09T12:58:44","date_gmt":"2020-06-09T10:58:44","guid":{"rendered":"https:\/\/athleatcoach.com\/about\/"},"modified":"2026-04-01T12:00:14","modified_gmt":"2026-04-01T10:00:14","slug":"about","status":"publish","type":"page","link":"https:\/\/athleatcoach.com\/en\/about\/","title":{"rendered":"About"},"content":{"rendered":"<p>[et_pb_section fb_built=&#8221;1&#8243; _builder_version=&#8221;4.16&#8243; custom_margin=&#8221;0px|0px|0px|0px|false|false&#8221; custom_padding=&#8221;0px|0px|0px|0px|false|false&#8221; global_colors_info=&#8221;{}&#8221;][et_pb_row _builder_version=&#8221;4.27.4&#8243; _module_preset=&#8221;default&#8221; custom_padding=&#8221;53px|||||&#8221; global_colors_info=&#8221;{}&#8221;][et_pb_column type=&#8221;4_4&#8243; _builder_version=&#8221;4.27.4&#8243; _module_preset=&#8221;default&#8221; global_colors_info=&#8221;{}&#8221;][et_pb_text _builder_version=&#8221;4.27.4&#8243; _module_preset=&#8221;default&#8221; global_colors_info=&#8221;{}&#8221;]<\/p>\n<h1><span style=\"color: #006a32;\">Our Team<\/span><\/h1>\n<p>All of our coaches have undergone science-based training. In addition, we have all practiced a variety of sports ourselves and are therefore very familiar with the lifestyle of athletes, which helps us to ideally adapt our recommendations to the everyday challenges of athletes. <\/p>\n<p>[\/et_pb_text][\/et_pb_column][\/et_pb_row][\/et_pb_section][et_pb_section fb_built=&#8221;1&#8243; admin_label=&#8221;Sektion&#8221; module_id=&#8221;mission&#8221; _builder_version=&#8221;4.21.0&#8243; background_color=&#8221;#f8f8f8&#8243; custom_margin=&#8221;0px|0px|0px|0px|false|false&#8221; custom_padding=&#8221;0px|0px|0px|0px|false|false&#8221; global_colors_info=&#8221;{}&#8221;][et_pb_row column_structure=&#8221;1_2,1_2&#8243; use_custom_gutter=&#8221;on&#8221; gutter_width=&#8221;2&#8243; make_equal=&#8221;on&#8221; _builder_version=&#8221;4.21.0&#8243; width=&#8221;100%&#8221; max_width=&#8221;1920px&#8221; min_height=&#8221;653.3px&#8221; custom_padding=&#8221;46px|100px|18px|100px|false|false&#8221; global_colors_info=&#8221;{}&#8221;][et_pb_column type=&#8221;1_2&#8243; _builder_version=&#8221;4.16&#8243; custom_padding=&#8221;|60px||60px|false|false&#8221; custom_padding_tablet=&#8221;&#8221; custom_padding_phone=&#8221;5vw|0px|5vw|0px|false|false&#8221; custom_padding_last_edited=&#8221;on|phone&#8221; custom_css_main_element=&#8221;margin:auto;&#8221; global_colors_info=&#8221;{}&#8221;][et_pb_text _builder_version=&#8221;4.21.0&#8243; text_font=&#8221;|700|on||||||&#8221; text_text_color=&#8221;#006b2f&#8221; text_font_size=&#8221;42px&#8221; text_line_height=&#8221;1.2em&#8221; animation_style=&#8221;slide&#8221; animation_direction=&#8221;left&#8221; text_font_size_tablet=&#8221;&#8221; text_font_size_phone=&#8221;20px&#8221; text_font_size_last_edited=&#8221;on|phone&#8221; text_orientation_tablet=&#8221;&#8221; text_orientation_phone=&#8221;center&#8221; text_orientation_last_edited=&#8221;on|phone&#8221; global_colors_info=&#8221;{}&#8221;]<\/p>\n<p>\u201cNutrition<br \/>coaching is <br \/>much more than <br \/>just creating<br \/>macro splits\u201d<\/p>\n<p>[\/et_pb_text][\/et_pb_column][et_pb_column type=&#8221;1_2&#8243; _builder_version=&#8221;4.16&#8243; animation_style=&#8221;slide&#8221; animation_direction=&#8221;right&#8221; global_colors_info=&#8221;{}&#8221;][et_pb_text _builder_version=&#8221;4.21.0&#8243; global_colors_info=&#8221;{}&#8221;]<\/p>\n<h2>Our Mission<\/h2>\n<p>Our mission is to provide athletes with the best possible support in achieving their goals with our science-based coaching approach and our practical experience as athletes and coaches.<\/p>\n<p>Through lectures, workshops, and online learning materials, we aim to equip athletes and coaches with knowledge that reflects the latest scientific standards<\/p>\n<p>[\/et_pb_text][et_pb_text _builder_version=&#8221;4.22.0&#8243; custom_padding=&#8221;0px|||||&#8221; global_colors_info=&#8221;{}&#8221;]<\/p>\n<p><span style=\"color: #006a32;\"><strong>Philosophy<\/strong><\/span><\/p>\n<p>athl<span style=\"color: #006b2e;\"><strong><em>EAT<\/em><\/strong><\/span>coach stands for scientific facts. We want to communicate these in an understandable way to athletes and other interested parties from the sport, thereby clearing up nutritional myths. We deliberately do not cooperate with companies that sell products because we want to analyze and advise independently and objectively. Only in this way can we maintain our self-imposed high quality standard.   <\/p>\n<p>[\/et_pb_text][\/et_pb_column][\/et_pb_row][\/et_pb_section][et_pb_section fb_built=&#8221;1&#8243; _builder_version=&#8221;4.21.0&#8243; custom_margin=&#8221;0px|0px|0px|0px|false|false&#8221; custom_padding=&#8221;30px|0px|100px|0px|false|false&#8221; global_colors_info=&#8221;{}&#8221;][et_pb_row column_structure=&#8221;1_4,3_4&#8243; _builder_version=&#8221;4.21.0&#8243; _module_preset=&#8221;747e683d-2fda-4002-9c51-4ec332dbac5b&#8221; global_colors_info=&#8221;{}&#8221;][et_pb_column type=&#8221;1_4&#8243; _builder_version=&#8221;4.16&#8243; background_enable_image=&#8221;off&#8221; custom_padding=&#8221;2.5vw|2.5vw|2.5vw|2.5vw|false|false&#8221; custom_padding_tablet=&#8221;&#8221; custom_padding_phone=&#8221;5vw|0vw|0vw|0vw|false|false&#8221; custom_padding_last_edited=&#8221;on|phone&#8221; global_colors_info=&#8221;{}&#8221;][et_pb_image src=&#8221;https:\/\/athleatcoach.com\/wp-content\/uploads\/Team-athlEATcoach-2025_Jorn.jpg&#8221; title_text=&#8221;Team athlEATcoach 2025_J\u00f6rn&#8221; _builder_version=&#8221;4.27.4&#8243; _module_preset=&#8221;e9beeae6-9eec-417f-8508-33ede8fccbad&#8221; global_colors_info=&#8221;{}&#8221;][\/et_pb_image][\/et_pb_column][et_pb_column type=&#8221;3_4&#8243; _builder_version=&#8221;4.16&#8243; background_enable_image=&#8221;off&#8221; background_position=&#8221;top_center&#8221; custom_padding=&#8221;2.5vw|2.5vw|2.5vw|2.5vw|false|false&#8221; custom_css_main_element=&#8221;margin:auto;&#8221; global_colors_info=&#8221;{}&#8221;][et_pb_text _builder_version=&#8221;4.16&#8243; header_4_text_color=&#8221;#006a32&#8243; global_colors_info=&#8221;{}&#8221;]<\/p>\n<h4>J\u00f6rn Utermann<\/h4>\n<h2>Founder of athlEATcoach<\/h2>\n<p>After completing his bachelor&#8217;s degree in nutritional science, he specialized in the nutritional needs of athletes with the IOC Diploma and a master&#8217;s degree in sports nutrition. <\/p>\n<p>J\u00f6rn has competed in handball, tennis, wrestling, and CrossFit, and also brings several years of experience in MMA and bouldering. Due to past injuries, he now approaches training with more caution\u2014but his passion for sports hasn\u2019t slowed down. Today, he dives deep into scientific journals to stay on top of the latest research, ensuring his athletes and clients receive the most up-to-date, evidence-based guidance. <\/p>\n<p>[\/et_pb_text][\/et_pb_column][\/et_pb_row][et_pb_row column_structure=&#8221;1_4,3_4&#8243; _builder_version=&#8221;4.21.0&#8243; _module_preset=&#8221;747e683d-2fda-4002-9c51-4ec332dbac5b&#8221; min_height=&#8221;603.3px&#8221; global_colors_info=&#8221;{}&#8221;][et_pb_column type=&#8221;1_4&#8243; _builder_version=&#8221;4.16&#8243; background_enable_image=&#8221;off&#8221; custom_padding=&#8221;2.5vw|2.5vw|2.5vw|2.5vw|false|false&#8221; custom_padding_tablet=&#8221;&#8221; custom_padding_phone=&#8221;5vw|0vw|0vw|0vw|false|false&#8221; custom_padding_last_edited=&#8221;on|phone&#8221; global_colors_info=&#8221;{}&#8221;][et_pb_image src=&#8221;https:\/\/athleatcoach.com\/wp-content\/uploads\/Team-athlEATcoach-2025_Lucas.jpg&#8221; title_text=&#8221;Team athlEATcoach 2025_Lucas&#8221; _builder_version=&#8221;4.27.4&#8243; _module_preset=&#8221;e9beeae6-9eec-417f-8508-33ede8fccbad&#8221; global_colors_info=&#8221;{}&#8221;][\/et_pb_image][\/et_pb_column][et_pb_column type=&#8221;3_4&#8243; _builder_version=&#8221;4.16&#8243; background_enable_image=&#8221;off&#8221; background_position=&#8221;top_center&#8221; custom_padding=&#8221;2.5vw|2.5vw|2.5vw|2.5vw|false|false&#8221; custom_css_main_element=&#8221;margin:auto;&#8221; global_colors_info=&#8221;{}&#8221;][et_pb_text _builder_version=&#8221;4.17.3&#8243; header_4_text_color=&#8221;#006a32&#8243; global_colors_info=&#8221;{}&#8221;]<\/p>\n<h4>Lucas Ille<\/h4>\n<h2>Our Expert for Team Athletes<\/h2>\n<p><span>Ever since he was a little boy in the sports hall, the fascination of handball has never let him go. He has played the sport at a high level for more than 20 years. <\/span><span> Skiing has also been a steady part of his athletic repertoire for many years, and in recent years he has added weight training to his routine as well.<\/span><\/p>\n<p><span>During his bachelor\u2019s degree in sports science and sports therapy, Lucas quickly realized that he was just as interested in the complex interrelationships in human nutrition as he was in the connections between training and human physiology. He was able to gain deeper insight into these during his master\u2019s degree. <\/span><i data-stringify-type=\"italic\">Exercise Science and Sports Nutrition.<\/i><\/p>\n<p><span aria-label=\"\" class=\"c-mrkdwn__br\" data-stringify-type=\"paragraph-break\"><span>Lucas has been with Team athl<span style=\"color: #006b2e;\"><strong><em>EAT<\/em><\/strong><\/span>coach since 2022 <\/span><\/span><span>mainly coaches ball players and people who want to lose weight or build muscle mass effectively in nutrition coaching. However, he has also gained experience in coaching triathletes and powerlifters &#8211; a true all-rounder. <\/span><\/p>\n<p>[\/et_pb_text][\/et_pb_column][\/et_pb_row][et_pb_row column_structure=&#8221;1_4,3_4&#8243; _builder_version=&#8221;4.21.0&#8243; _module_preset=&#8221;747e683d-2fda-4002-9c51-4ec332dbac5b&#8221; global_colors_info=&#8221;{}&#8221;][et_pb_column type=&#8221;1_4&#8243; _builder_version=&#8221;4.16&#8243; background_enable_image=&#8221;off&#8221; custom_padding=&#8221;2.5vw|2.5vw|2.5vw|2.5vw|false|false&#8221; custom_padding_tablet=&#8221;&#8221; custom_padding_phone=&#8221;5vw|0vw|0vw|0vw|false|false&#8221; custom_padding_last_edited=&#8221;on|phone&#8221; global_colors_info=&#8221;{}&#8221;][et_pb_image src=&#8221;https:\/\/athleatcoach.com\/wp-content\/uploads\/Team-athlEATcoach-2025_Mario.jpg&#8221; title_text=&#8221;Team athlEATcoach 2025_Mario&#8221; _builder_version=&#8221;4.27.4&#8243; _module_preset=&#8221;e9beeae6-9eec-417f-8508-33ede8fccbad&#8221; global_colors_info=&#8221;{}&#8221;][\/et_pb_image][\/et_pb_column][et_pb_column type=&#8221;3_4&#8243; _builder_version=&#8221;4.16&#8243; background_enable_image=&#8221;off&#8221; background_position=&#8221;top_center&#8221; custom_padding=&#8221;2.5vw|2.5vw|2.5vw|2.5vw|false|false&#8221; custom_css_main_element=&#8221;margin:auto;&#8221; global_colors_info=&#8221;{}&#8221;][et_pb_text _builder_version=&#8221;4.27.4&#8243; header_4_text_color=&#8221;#006a32&#8243; global_colors_info=&#8221;{}&#8221;]<\/p>\n<h4>Mario Franz<\/h4>\n<h2>Our Expert for Master Athletes<\/h2>\n<p>Has been with Team athl<span style=\"color: #006b2e;\"><em><strong>EAT<\/strong><\/em><\/span>coach since 2020, and is our expert when it comes to ambitious endurance athletes and functional fitness sports such as CrossFit and Hyrox. Mario has been completing triathlons for more than 15 years and has successfully completed all distances: from sprint triathlons to Ironman. In addition, Mario has been doing CrossFit since 2020 and has repeatedly achieved top placements at Hyrox competitions.  <\/p>\n<p>Since successfully graduating as a nutrition coach (\u201cEvidence-Based-Nutrition-Specialist\u201d from Rawo), he has supported triathletes in optimizing their performance and advised amateur athletes on reducing body fat.<\/p>\n<p>[\/et_pb_text][\/et_pb_column][\/et_pb_row][et_pb_row column_structure=&#8221;1_4,3_4&#8243; _builder_version=&#8221;4.21.0&#8243; _module_preset=&#8221;747e683d-2fda-4002-9c51-4ec332dbac5b&#8221; global_colors_info=&#8221;{}&#8221;][et_pb_column type=&#8221;1_4&#8243; _builder_version=&#8221;4.16&#8243; background_enable_image=&#8221;off&#8221; custom_padding=&#8221;2.5vw|2.5vw|2.5vw|2.5vw|false|false&#8221; custom_padding_tablet=&#8221;&#8221; custom_padding_phone=&#8221;5vw|0vw|0vw|0vw|false|false&#8221; custom_padding_last_edited=&#8221;on|phone&#8221; global_colors_info=&#8221;{}&#8221;][et_pb_image src=&#8221;https:\/\/athleatcoach.com\/wp-content\/uploads\/Team-athlEATcoach-2025_Joshua.jpg&#8221; title_text=&#8221;Team athlEATcoach 2025_Joshua&#8221; admin_label=&#8221;Bild&#8221; _builder_version=&#8221;4.27.4&#8243; _module_preset=&#8221;e9beeae6-9eec-417f-8508-33ede8fccbad&#8221; global_colors_info=&#8221;{}&#8221;][\/et_pb_image][\/et_pb_column][et_pb_column type=&#8221;3_4&#8243; _builder_version=&#8221;4.16&#8243; background_enable_image=&#8221;off&#8221; background_position=&#8221;top_center&#8221; custom_padding=&#8221;2.5vw|2.5vw|2.5vw|2.5vw|false|false&#8221; custom_css_main_element=&#8221;margin:auto;&#8221; global_colors_info=&#8221;{}&#8221;][et_pb_text _builder_version=&#8221;4.17.3&#8243; header_4_text_color=&#8221;#006a32&#8243; global_colors_info=&#8221;{}&#8221;]<\/p>\n<h4>Joshua Dissemond<\/h4>\n<h2>Our Expert for Strength Athletes &amp; Martial Artists<\/h2>\n<p>Has been doing strength and martial arts since his youth and can incorporate his personal experiences into coaching accordingly. Joshua is in the process of completing his master&#8217;s degree in &#8216;<span>Training Science &amp; Sports Nutrition<\/span>&#8216; and has been part of the Team athl<span style=\"color: #006b2e;\"><em><strong>EAT<\/strong><\/em><\/span>coach since 2022. He has also been able to publish an article in a renowned scientific journal, making good use of his good planning and eye for detail in his work with our weight class athletes.  <\/p>\n<p>[\/et_pb_text][\/et_pb_column][\/et_pb_row][et_pb_row column_structure=&#8221;1_4,3_4&#8243; _builder_version=&#8221;4.21.0&#8243; _module_preset=&#8221;747e683d-2fda-4002-9c51-4ec332dbac5b&#8221; global_colors_info=&#8221;{}&#8221;][et_pb_column type=&#8221;1_4&#8243; _builder_version=&#8221;4.16&#8243; background_enable_image=&#8221;off&#8221; custom_padding=&#8221;2.5vw|2.5vw|2.5vw|2.5vw|false|false&#8221; custom_padding_tablet=&#8221;&#8221; custom_padding_phone=&#8221;5vw|0vw|0vw|0vw|false|false&#8221; custom_padding_last_edited=&#8221;on|phone&#8221; global_colors_info=&#8221;{}&#8221;][et_pb_image src=&#8221;https:\/\/athleatcoach.com\/wp-content\/uploads\/Team-athlEATcoach-2025_Kathrin-2.jpg&#8221; title_text=&#8221;Team athlEATcoach 2025_Kathrin 2&#8243; admin_label=&#8221;Bild&#8221; _builder_version=&#8221;4.27.4&#8243; _module_preset=&#8221;e9beeae6-9eec-417f-8508-33ede8fccbad&#8221; global_colors_info=&#8221;{}&#8221;][\/et_pb_image][\/et_pb_column][et_pb_column type=&#8221;3_4&#8243; _builder_version=&#8221;4.16&#8243; background_enable_image=&#8221;off&#8221; background_position=&#8221;top_center&#8221; custom_padding=&#8221;2.5vw|2.5vw|2.5vw|2.5vw|false|false&#8221; custom_css_main_element=&#8221;margin:auto;&#8221; global_colors_info=&#8221;{}&#8221;][et_pb_text _builder_version=&#8221;4.27.4&#8243; header_4_text_color=&#8221;#006a32&#8243; custom_padding=&#8221;||1px|||&#8221; global_colors_info=&#8221;{}&#8221;]<\/p>\n<h4>Kathrin Thorn<\/h4>\n<h2>Our Expert for Vegan Nutrition<\/h2>\n<p><span style=\"font-size: 20px;\"><span>Our up-and-coming talent for recreational and strength athletes. Kathrin is currently in the process of completing her master&#8217;s degree in nutritional science. It was clear to her early on: she wants to work with athletes! That&#8217;s why she has been 100% committed to sports nutrition, both during her studies and in her free time, and has continued her education in this area. She loves to cook and has already created many super delicious recipes for us. Fresh in the Team athl<span style=\"color: #008000;\"><strong><em>EAT<\/em><\/strong><\/span>coach, Kathrin brings a lot of enthusiasm and motivation, but also a lot of know-how to individually support every athlete and achieve their personal goals together     <\/span>.<\/span><\/p>\n<p>[\/et_pb_text][\/et_pb_column][\/et_pb_row][\/et_pb_section]<\/p>\n","protected":false},"excerpt":{"rendered":"<p>Our Team All of our coaches have undergone science-based training. In addition, we have all practiced a variety of sports ourselves and are therefore very familiar with the lifestyle of athletes, which helps us to ideally adapt our recommendations to the everyday challenges of athletes. \u201cNutritioncoaching is much more than just creatingmacro splits\u201dOur Mission Our [&hellip;]<\/p>\n","protected":false},"author":5,"featured_media":0,"parent":0,"menu_order":0,"comment_status":"closed","ping_status":"closed","template":"","meta":{"_acf_changed":false,"_et_pb_use_builder":"on","_et_pb_old_content":"","_et_gb_content_width":"","footnotes":""},"class_list":["post-11390","page","type-page","status-publish","hentry"],"acf":[],"yoast_head":"<!-- This site is optimized with the Yoast SEO plugin v27.4 - https:\/\/yoast.com\/product\/yoast-seo-wordpress\/ -->\n<title>About - athlEATcoach | Sports Nutrition<\/title>\n<meta name=\"robots\" content=\"index, follow, max-snippet:-1, max-image-preview:large, max-video-preview:-1\" \/>\n<link rel=\"canonical\" href=\"https:\/\/athleatcoach.com\/en\/about\/\" \/>\n<meta property=\"og:locale\" content=\"en_US\" \/>\n<meta property=\"og:type\" content=\"article\" \/>\n<meta property=\"og:title\" content=\"About - athlEATcoach | Sports Nutrition\" \/>\n<meta property=\"og:description\" content=\"Our Team All of our coaches have undergone science-based training. In addition, we have all practiced a variety of sports ourselves and are therefore very familiar with the lifestyle of athletes, which helps us to ideally adapt our recommendations to the everyday challenges of athletes. \u201cNutritioncoaching is much more than just creatingmacro splits\u201dOur Mission Our [&hellip;]\" \/>\n<meta property=\"og:url\" content=\"https:\/\/athleatcoach.com\/en\/about\/\" \/>\n<meta property=\"og:site_name\" content=\"athlEATcoach | Sports Nutrition\" \/>\n<meta property=\"article:modified_time\" content=\"2026-04-01T10:00:14+00:00\" \/>\n<meta name=\"twitter:card\" content=\"summary_large_image\" \/>\n<meta name=\"twitter:label1\" content=\"Est. reading time\" \/>\n\t<meta name=\"twitter:data1\" content=\"9 minutes\" \/>\n<script type=\"application\/ld+json\" class=\"yoast-schema-graph\">{\"@context\":\"https:\\\/\\\/schema.org\",\"@graph\":[{\"@type\":\"WebPage\",\"@id\":\"https:\\\/\\\/athleatcoach.com\\\/en\\\/about\\\/\",\"url\":\"https:\\\/\\\/athleatcoach.com\\\/en\\\/about\\\/\",\"name\":\"About - athlEATcoach | Sports Nutrition\",\"isPartOf\":{\"@id\":\"https:\\\/\\\/athleatcoach.com\\\/en\\\/#website\"},\"datePublished\":\"2020-06-09T10:58:44+00:00\",\"dateModified\":\"2026-04-01T10:00:14+00:00\",\"breadcrumb\":{\"@id\":\"https:\\\/\\\/athleatcoach.com\\\/en\\\/about\\\/#breadcrumb\"},\"inLanguage\":\"en-US\",\"potentialAction\":[{\"@type\":\"ReadAction\",\"target\":[\"https:\\\/\\\/athleatcoach.com\\\/en\\\/about\\\/\"]}]},{\"@type\":\"BreadcrumbList\",\"@id\":\"https:\\\/\\\/athleatcoach.com\\\/en\\\/about\\\/#breadcrumb\",\"itemListElement\":[{\"@type\":\"ListItem\",\"position\":1,\"name\":\"Home\",\"item\":\"https:\\\/\\\/athleatcoach.com\\\/en\\\/athleatcoach\\\/\"},{\"@type\":\"ListItem\",\"position\":2,\"name\":\"About\"}]},{\"@type\":\"WebSite\",\"@id\":\"https:\\\/\\\/athleatcoach.com\\\/en\\\/#website\",\"url\":\"https:\\\/\\\/athleatcoach.com\\\/en\\\/\",\"name\":\"athlEATcoach | Sportern\u00e4hrung\",\"description\":\"Nutrition Coaching f\u00fcr Sportler &amp; Fortbildungen f\u00fcr Trainer\",\"publisher\":{\"@id\":\"https:\\\/\\\/athleatcoach.com\\\/en\\\/#organization\"},\"potentialAction\":[{\"@type\":\"SearchAction\",\"target\":{\"@type\":\"EntryPoint\",\"urlTemplate\":\"https:\\\/\\\/athleatcoach.com\\\/en\\\/?s={search_term_string}\"},\"query-input\":{\"@type\":\"PropertyValueSpecification\",\"valueRequired\":true,\"valueName\":\"search_term_string\"}}],\"inLanguage\":\"en-US\"},{\"@type\":\"Organization\",\"@id\":\"https:\\\/\\\/athleatcoach.com\\\/en\\\/#organization\",\"name\":\"athlEATcoach | Sportern\u00e4hrung\",\"url\":\"https:\\\/\\\/athleatcoach.com\\\/en\\\/\",\"logo\":{\"@type\":\"ImageObject\",\"inLanguage\":\"en-US\",\"@id\":\"https:\\\/\\\/athleatcoach.com\\\/en\\\/#\\\/schema\\\/logo\\\/image\\\/\",\"url\":\"https:\\\/\\\/athleatcoach.com\\\/wp-content\\\/uploads\\\/Logo_athleatcoach.png\",\"contentUrl\":\"https:\\\/\\\/athleatcoach.com\\\/wp-content\\\/uploads\\\/Logo_athleatcoach.png\",\"width\":2000,\"height\":667,\"caption\":\"athlEATcoach | Sportern\u00e4hrung\"},\"image\":{\"@id\":\"https:\\\/\\\/athleatcoach.com\\\/en\\\/#\\\/schema\\\/logo\\\/image\\\/\"},\"sameAs\":[\"https:\\\/\\\/www.instagram.com\\\/team_athleatcoach\\\/\"]}]}<\/script>\n<!-- \/ Yoast SEO plugin. -->","yoast_head_json":{"title":"About - athlEATcoach | Sports Nutrition","robots":{"index":"index","follow":"follow","max-snippet":"max-snippet:-1","max-image-preview":"max-image-preview:large","max-video-preview":"max-video-preview:-1"},"canonical":"https:\/\/athleatcoach.com\/en\/about\/","og_locale":"en_US","og_type":"article","og_title":"About - athlEATcoach | Sports Nutrition","og_description":"Our Team All of our coaches have undergone science-based training. In addition, we have all practiced a variety of sports ourselves and are therefore very familiar with the lifestyle of athletes, which helps us to ideally adapt our recommendations to the everyday challenges of athletes. \u201cNutritioncoaching is much more than just creatingmacro splits\u201dOur Mission Our [&hellip;]","og_url":"https:\/\/athleatcoach.com\/en\/about\/","og_site_name":"athlEATcoach | Sports Nutrition","article_modified_time":"2026-04-01T10:00:14+00:00","twitter_card":"summary_large_image","twitter_misc":{"Est. reading time":"9 minutes"},"schema":{"@context":"https:\/\/schema.org","@graph":[{"@type":"WebPage","@id":"https:\/\/athleatcoach.com\/en\/about\/","url":"https:\/\/athleatcoach.com\/en\/about\/","name":"About - athlEATcoach | Sports Nutrition","isPartOf":{"@id":"https:\/\/athleatcoach.com\/en\/#website"},"datePublished":"2020-06-09T10:58:44+00:00","dateModified":"2026-04-01T10:00:14+00:00","breadcrumb":{"@id":"https:\/\/athleatcoach.com\/en\/about\/#breadcrumb"},"inLanguage":"en-US","potentialAction":[{"@type":"ReadAction","target":["https:\/\/athleatcoach.com\/en\/about\/"]}]},{"@type":"BreadcrumbList","@id":"https:\/\/athleatcoach.com\/en\/about\/#breadcrumb","itemListElement":[{"@type":"ListItem","position":1,"name":"Home","item":"https:\/\/athleatcoach.com\/en\/athleatcoach\/"},{"@type":"ListItem","position":2,"name":"About"}]},{"@type":"WebSite","@id":"https:\/\/athleatcoach.com\/en\/#website","url":"https:\/\/athleatcoach.com\/en\/","name":"athlEATcoach | Sportern\u00e4hrung","description":"Nutrition Coaching f\u00fcr Sportler &amp; Fortbildungen f\u00fcr Trainer","publisher":{"@id":"https:\/\/athleatcoach.com\/en\/#organization"},"potentialAction":[{"@type":"SearchAction","target":{"@type":"EntryPoint","urlTemplate":"https:\/\/athleatcoach.com\/en\/?s={search_term_string}"},"query-input":{"@type":"PropertyValueSpecification","valueRequired":true,"valueName":"search_term_string"}}],"inLanguage":"en-US"},{"@type":"Organization","@id":"https:\/\/athleatcoach.com\/en\/#organization","name":"athlEATcoach | Sportern\u00e4hrung","url":"https:\/\/athleatcoach.com\/en\/","logo":{"@type":"ImageObject","inLanguage":"en-US","@id":"https:\/\/athleatcoach.com\/en\/#\/schema\/logo\/image\/","url":"https:\/\/athleatcoach.com\/wp-content\/uploads\/Logo_athleatcoach.png","contentUrl":"https:\/\/athleatcoach.com\/wp-content\/uploads\/Logo_athleatcoach.png","width":2000,"height":667,"caption":"athlEATcoach | Sportern\u00e4hrung"},"image":{"@id":"https:\/\/athleatcoach.com\/en\/#\/schema\/logo\/image\/"},"sameAs":["https:\/\/www.instagram.com\/team_athleatcoach\/"]}]}},"_links":{"self":[{"href":"https:\/\/athleatcoach.com\/en\/wp-json\/wp\/v2\/pages\/11390","targetHints":{"allow":["GET"]}}],"collection":[{"href":"https:\/\/athleatcoach.com\/en\/wp-json\/wp\/v2\/pages"}],"about":[{"href":"https:\/\/athleatcoach.com\/en\/wp-json\/wp\/v2\/types\/page"}],"author":[{"embeddable":true,"href":"https:\/\/athleatcoach.com\/en\/wp-json\/wp\/v2\/users\/5"}],"replies":[{"embeddable":true,"href":"https:\/\/athleatcoach.com\/en\/wp-json\/wp\/v2\/comments?post=11390"}],"version-history":[{"count":0,"href":"https:\/\/athleatcoach.com\/en\/wp-json\/wp\/v2\/pages\/11390\/revisions"}],"wp:attachment":[{"href":"https:\/\/athleatcoach.com\/en\/wp-json\/wp\/v2\/media?parent=11390"}],"curies":[{"name":"wp","href":"https:\/\/api.w.org\/{rel}","templated":true}]}}