{"id":11445,"date":"2020-06-09T12:56:39","date_gmt":"2020-06-09T10:56:39","guid":{"rendered":"https:\/\/athleatcoach.com\/education\/"},"modified":"2025-11-25T14:11:59","modified_gmt":"2025-11-25T13:11:59","slug":"education","status":"publish","type":"page","link":"https:\/\/athleatcoach.com\/en\/education\/","title":{"rendered":"Education"},"content":{"rendered":"<p>[et_pb_section fb_built=&#8221;1&#8243; _builder_version=&#8221;4.22.0&#8243; background_image=&#8221;https:\/\/athleatcoach.com\/wp-content\/uploads\/athleatcoach-educational-products.webp&#8221; height=&#8221;440px&#8221; custom_margin=&#8221;||||false|false&#8221; global_colors_info=&#8221;{}&#8221;][et_pb_row column_structure=&#8221;1_2,1_2&#8243; make_equal=&#8221;on&#8221; _builder_version=&#8221;4.16&#8243; width=&#8221;100%&#8221; max_width=&#8221;1200px&#8221; height=&#8221;100%&#8221; global_colors_info=&#8221;{}&#8221;][et_pb_column type=&#8221;1_2&#8243; _builder_version=&#8221;4.16&#8243; background_color=&#8221;#000000&#8243; custom_padding=&#8221;40px|40px|40px|40px|false|false&#8221; custom_css_main_element=&#8221;margin: auto auto 0;&#8221; global_colors_info=&#8221;{}&#8221;][et_pb_text _builder_version=&#8221;4.16&#8243; global_colors_info=&#8221;{}&#8221;]<\/p>\n<h4>Athleatcoach | Coaching \u2022 Academy \u2022 Consulting<\/h4>\n<h1>Webinars &amp; eBooks for more Expertise<\/h1>\n<p>[\/et_pb_text][\/et_pb_column][et_pb_column type=&#8221;1_2&#8243; _builder_version=&#8221;4.16&#8243; global_colors_info=&#8221;{}&#8221;][\/et_pb_column][\/et_pb_row][\/et_pb_section][et_pb_section fb_built=&#8221;1&#8243; _builder_version=&#8221;4.22.0&#8243; custom_margin=&#8221;0px|0px|0px|0px|false|false&#8221; custom_padding=&#8221;0px|0px|0px|0px|false|false&#8221; global_colors_info=&#8221;{}&#8221;][et_pb_row column_structure=&#8221;1_2,1_2&#8243; gutter_width=&#8221;4&#8243; custom_padding_last_edited=&#8221;on|phone&#8221; _builder_version=&#8221;4.22.0&#8243; _module_preset=&#8221;818c7540-d8c3-40cf-bdec-c305bcec1a73&#8243; custom_padding_tablet=&#8221;&#8221; custom_padding_phone=&#8221;25px|25px|25px|25px|false|false&#8221; global_colors_info=&#8221;{}&#8221;][et_pb_column type=&#8221;1_2&#8243; _builder_version=&#8221;4.22.0&#8243; custom_padding=&#8221;2vw|2vw|2vw|2vw|false|false&#8221; link_option_url=&#8221;https:\/\/athleatcoach.com\/en\/education\/articles-interviews\/&#8221; custom_css_main_element=&#8221;margin:auto;&#8221; border_radii=&#8221;on|15px|15px|15px|15px&#8221; box_shadow_style=&#8221;preset3&#8243; global_colors_info=&#8221;{}&#8221; transform_styles__hover_enabled=&#8221;on|hover&#8221; transform_scale__hover_enabled=&#8221;on|hover&#8221; transform_translate__hover_enabled=&#8221;on|desktop&#8221; transform_rotate__hover_enabled=&#8221;on|desktop&#8221; transform_skew__hover_enabled=&#8221;on|desktop&#8221; transform_origin__hover_enabled=&#8221;on|desktop&#8221; transform_scale__hover=&#8221;102%|102%&#8221;][et_pb_image src=&#8221;https:\/\/athleatcoach.com\/wp-content\/uploads\/athleatcoach-artikel-interviews.webp&#8221; title_text=&#8221;athleatcoach-articles-interviews&#8221; align=&#8221;center&#8221; _builder_version=&#8221;4.22.0&#8243; _module_preset=&#8221;default&#8221; max_width=&#8221;320px&#8221; custom_margin=&#8221;||30px||false|false&#8221; custom_margin_tablet=&#8221;||30px||false|false&#8221; custom_margin_phone=&#8221;||||false|false&#8221; custom_margin_last_edited=&#8221;on|phone&#8221; global_colors_info=&#8221;{}&#8221;][\/et_pb_image][et_pb_text _builder_version=&#8221;4.16&#8243; _module_preset=&#8221;default&#8221; global_colors_info=&#8221;{}&#8221;]<\/p>\n<h2 style=\"text-align: center;\">Articles &amp; Interviews<\/h2>\n<p>[\/et_pb_text][\/et_pb_column][et_pb_column type=&#8221;1_2&#8243; _builder_version=&#8221;4.20.4&#8243; custom_padding=&#8221;2vw|2vw|2vw|2vw|false|false&#8221; link_option_url=&#8221;https:\/\/athleatcoach.com\/en\/education\/ebooks-webinars\/&#8221; custom_css_main_element=&#8221;margin:auto;&#8221; border_radii=&#8221;on|15px|15px|15px|15px&#8221; box_shadow_style=&#8221;preset3&#8243; global_colors_info=&#8221;{}&#8221; transform_styles__hover_enabled=&#8221;on|hover&#8221; transform_scale__hover=&#8221;102%|102%&#8221; transform_scale__hover_enabled=&#8221;on|hover&#8221; transform_translate__hover_enabled=&#8221;on|desktop&#8221; transform_rotate__hover_enabled=&#8221;on|desktop&#8221; transform_skew__hover_enabled=&#8221;on|desktop&#8221; transform_origin__hover_enabled=&#8221;on|desktop&#8221;][et_pb_image src=&#8221;https:\/\/athleatcoach.com\/wp-content\/uploads\/2022\/04\/athleatcoach_webinare.jpg&#8221; title_text=&#8221;athleatcoach_webinars&#8221; _builder_version=&#8221;4.22.0&#8243; max_width=&#8221;320px&#8221; module_alignment=&#8221;center&#8221; custom_margin=&#8221;||30px||false|false&#8221; custom_margin_tablet=&#8221;||30px||false|false&#8221; custom_margin_phone=&#8221;30px||30px||false|false&#8221; custom_margin_last_edited=&#8221;on|phone&#8221; global_colors_info=&#8221;{}&#8221;][\/et_pb_image][et_pb_text _builder_version=&#8221;4.16&#8243; _module_preset=&#8221;default&#8221; global_colors_info=&#8221;{}&#8221;]<\/p>\n<h2 style=\"text-align: center;\">eBooks &amp; Webinars<\/h2>\n<p>[\/et_pb_text][\/et_pb_column][\/et_pb_row][\/et_pb_section][et_pb_section fb_built=&#8221;1&#8243; admin_label=&#8221;Globaler Kontakt DE&#8221; _builder_version=&#8221;4.20.4&#8243; background_color=&#8221;#f8f8f8&#8243; global_module=&#8221;8115&#8243; saved_tabs=&#8221;all&#8221; collapsed=&#8221;off&#8221; global_colors_info=&#8221;{}&#8221;][et_pb_row column_structure=&#8221;1_3,2_3&#8243; custom_padding_last_edited=&#8221;on|phone&#8221; _builder_version=&#8221;4.22.0&#8243; width=&#8221;100%&#8221; max_width=&#8221;1920px&#8221; custom_padding=&#8221;100px|100px|100px|100px|false|false&#8221; custom_padding_tablet=&#8221;&#8221; custom_padding_phone=&#8221;25px|25px|25px|25px|false|false&#8221; global_colors_info=&#8221;{}&#8221;][et_pb_column type=&#8221;1_3&#8243; _builder_version=&#8221;4.16&#8243; global_colors_info=&#8221;{}&#8221;][et_pb_text _builder_version=&#8221;4.16&#8243; global_colors_info=&#8221;{}&#8221;]<\/p>\n<h2>Are there any Open Questions?<br \/>Ask Us!<\/h2>\n<p>[\/et_pb_text][et_pb_text _builder_version=&#8221;4.16&#8243; global_colors_info=&#8221;{}&#8221;]<\/p>\n<p>Feel free to contact us at any time, we are available to answer your questions \u2013 whether specifically about one of our offers or in general:<br \/>We look forward to hearing from you!<\/p>\n<p><strong>athl<span style=\"color: #006932;\">EAT<\/span>coach<\/strong><br \/>J\u00f6rn Utermann<br \/>2 Marmion Road<br \/><span>EH45 9BE <\/span>Peebles<br \/>United Kingdom<br \/>+447554192458<br \/><a href=\"mailto:mail@athleatcoach.com\">mail@athleatcoach.com<\/a><\/p>\n<p>[\/et_pb_text][\/et_pb_column][et_pb_column type=&#8221;2_3&#8243; _builder_version=&#8221;4.16&#8243; global_colors_info=&#8221;{}&#8221;][et_pb_text _builder_version=&#8221;4.16&#8243; global_colors_info=&#8221;{}&#8221;]<\/p>\n<h2>Contact Us<\/h2>\n<p>[\/et_pb_text][et_pb_contact_form captcha=&#8221;off&#8221; submit_button_text=&#8221;Submit request&#8221; _builder_version=&#8221;4.16&#8243; _module_preset=&#8221;default&#8221; _unique_id=&#8221;8e324b1a-9c71-4414-b671-a00b1dd1f757&#8243; form_field_text_align=&#8221;left&#8221; custom_button=&#8221;on&#8221; button_text_size=&#8221;14px&#8221; button_text_color=&#8221;#ffffff&#8221; button_bg_color=&#8221;#006b2f&#8221; button_border_width=&#8221;0px&#8221; button_border_radius=&#8221;0px&#8221; button_font=&#8221;||||||||&#8221; button_use_icon=&#8221;off&#8221; button_custom_margin=&#8221;|||0px|false|false&#8221; button_custom_padding=&#8221;12px|24px|12px|24px|false|false&#8221; text_orientation=&#8221;left&#8221; global_colors_info=&#8221;{}&#8221;][et_pb_contact_field field_id=&#8221;Name&#8221; field_title=&#8221;Name&#8221; _builder_version=&#8221;4.16&#8243; global_colors_info=&#8221;{}&#8221; button_text_size__hover_enabled=&#8221;off&#8221; button_one_text_size__hover_enabled=&#8221;off&#8221; button_two_text_size__hover_enabled=&#8221;off&#8221; button_text_color__hover_enabled=&#8221;off&#8221; button_one_text_color__hover_enabled=&#8221;off&#8221; button_two_text_color__hover_enabled=&#8221;off&#8221; button_border_width__hover_enabled=&#8221;off&#8221; button_one_border_width__hover_enabled=&#8221;off&#8221; button_two_border_width__hover_enabled=&#8221;off&#8221; button_border_color__hover_enabled=&#8221;off&#8221; button_one_border_color__hover_enabled=&#8221;off&#8221; button_two_border_color__hover_enabled=&#8221;off&#8221; button_border_radius__hover_enabled=&#8221;off&#8221; button_one_border_radius__hover_enabled=&#8221;off&#8221; button_two_border_radius__hover_enabled=&#8221;off&#8221; button_letter_spacing__hover_enabled=&#8221;off&#8221; button_one_letter_spacing__hover_enabled=&#8221;off&#8221; button_two_letter_spacing__hover_enabled=&#8221;off&#8221; button_bg_color__hover_enabled=&#8221;off&#8221; button_one_bg_color__hover_enabled=&#8221;off&#8221; button_two_bg_color__hover_enabled=&#8221;off&#8221;][\/et_pb_contact_field][et_pb_contact_field field_id=&#8221;Email&#8221; field_title=&#8221;Email address&#8221; field_type=&#8221;email&#8221; _builder_version=&#8221;4.16&#8243; global_colors_info=&#8221;{}&#8221; button_text_size__hover_enabled=&#8221;off&#8221; button_one_text_size__hover_enabled=&#8221;off&#8221; button_two_text_size__hover_enabled=&#8221;off&#8221; button_text_color__hover_enabled=&#8221;off&#8221; button_one_text_color__hover_enabled=&#8221;off&#8221; button_two_text_color__hover_enabled=&#8221;off&#8221; button_border_width__hover_enabled=&#8221;off&#8221; button_one_border_width__hover_enabled=&#8221;off&#8221; button_two_border_width__hover_enabled=&#8221;off&#8221; button_border_color__hover_enabled=&#8221;off&#8221; button_one_border_color__hover_enabled=&#8221;off&#8221; button_two_border_color__hover_enabled=&#8221;off&#8221; button_border_radius__hover_enabled=&#8221;off&#8221; button_one_border_radius__hover_enabled=&#8221;off&#8221; button_two_border_radius__hover_enabled=&#8221;off&#8221; button_letter_spacing__hover_enabled=&#8221;off&#8221; button_one_letter_spacing__hover_enabled=&#8221;off&#8221; button_two_letter_spacing__hover_enabled=&#8221;off&#8221; button_bg_color__hover_enabled=&#8221;off&#8221; button_one_bg_color__hover_enabled=&#8221;off&#8221; button_two_bg_color__hover_enabled=&#8221;off&#8221;][\/et_pb_contact_field][et_pb_contact_field field_id=&#8221;Message&#8221; field_title=&#8221;Message&#8221; field_type=&#8221;text&#8221; fullwidth_field=&#8221;on&#8221; _builder_version=&#8221;4.16&#8243; global_colors_info=&#8221;{}&#8221; button_text_size__hover_enabled=&#8221;off&#8221; button_one_text_size__hover_enabled=&#8221;off&#8221; button_two_text_size__hover_enabled=&#8221;off&#8221; button_text_color__hover_enabled=&#8221;off&#8221; button_one_text_color__hover_enabled=&#8221;off&#8221; button_two_text_color__hover_enabled=&#8221;off&#8221; button_border_width__hover_enabled=&#8221;off&#8221; button_one_border_width__hover_enabled=&#8221;off&#8221; button_two_border_width__hover_enabled=&#8221;off&#8221; button_border_color__hover_enabled=&#8221;off&#8221; button_one_border_color__hover_enabled=&#8221;off&#8221; button_two_border_color__hover_enabled=&#8221;off&#8221; button_border_radius__hover_enabled=&#8221;off&#8221; button_one_border_radius__hover_enabled=&#8221;off&#8221; button_two_border_radius__hover_enabled=&#8221;off&#8221; button_letter_spacing__hover_enabled=&#8221;off&#8221; button_one_letter_spacing__hover_enabled=&#8221;off&#8221; button_two_letter_spacing__hover_enabled=&#8221;off&#8221; button_bg_color__hover_enabled=&#8221;off&#8221; button_one_bg_color__hover_enabled=&#8221;off&#8221; button_two_bg_color__hover_enabled=&#8221;off&#8221;][\/et_pb_contact_field][et_pb_contact_field field_id=&#8221;Field_4&#8243; field_title=&#8221; &#8221; field_type=&#8221;checkbox&#8221; checkbox_options=&#8221;%91{%22value%22:%22Yes, I agree that my data will be transmitted and processed in the course of this request. I have also been informed that the collection, processing and use of my data is on a voluntary basis. Furthermore, that I can refuse my consent without any adverse consequences for me or revoke it at any time with effect for the future.  %22,%22checked%22:0,%22dragID%22:-1}%93&#8243; fullwidth_field=&#8221;on&#8221; _builder_version=&#8221;4.16&#8243; _module_preset=&#8221;default&#8221; global_colors_info=&#8221;{}&#8221;][\/et_pb_contact_field][\/et_pb_contact_form][\/et_pb_column][\/et_pb_row][\/et_pb_section]<\/p>\n","protected":false},"excerpt":{"rendered":"<p>Athleatcoach | Coaching \u2022 Academy \u2022 Consulting Webinars &amp; eBooks for more Expertise Articles &amp; Interviews eBooks &amp; Webinars Are there any Open Questions?Ask Us!Feel free to contact us at any time, we are available to answer your questions \u2013 whether specifically about one of our offers or in general:We look forward to hearing from [&hellip;]<\/p>\n","protected":false},"author":8,"featured_media":0,"parent":0,"menu_order":0,"comment_status":"closed","ping_status":"open","template":"","meta":{"_acf_changed":false,"_et_pb_use_builder":"on","_et_pb_old_content":"","_et_gb_content_width":"","footnotes":""},"class_list":["post-11445","page","type-page","status-publish","hentry"],"acf":[],"yoast_head":"<!-- This site is optimized with the Yoast SEO plugin v27.4 - https:\/\/yoast.com\/product\/yoast-seo-wordpress\/ -->\n<title>Education - athlEATcoach | Sports Nutrition<\/title>\n<meta name=\"robots\" content=\"index, follow, max-snippet:-1, max-image-preview:large, max-video-preview:-1\" \/>\n<link rel=\"canonical\" href=\"https:\/\/athleatcoach.com\/en\/education\/\" \/>\n<meta property=\"og:locale\" content=\"en_US\" \/>\n<meta property=\"og:type\" content=\"article\" \/>\n<meta property=\"og:title\" content=\"Education - athlEATcoach | Sports Nutrition\" \/>\n<meta property=\"og:description\" content=\"Athleatcoach | Coaching \u2022 Academy \u2022 Consulting Webinars &amp; eBooks for more Expertise Articles &amp; Interviews eBooks &amp; Webinars Are there any Open Questions?Ask Us!Feel free to contact us at any time, we are available to answer your questions \u2013 whether specifically about one of our offers or in general:We look forward to hearing from [&hellip;]\" \/>\n<meta property=\"og:url\" content=\"https:\/\/athleatcoach.com\/en\/education\/\" \/>\n<meta property=\"og:site_name\" content=\"athlEATcoach | Sports Nutrition\" \/>\n<meta property=\"article:modified_time\" content=\"2025-11-25T13:11:59+00:00\" \/>\n<meta name=\"twitter:card\" content=\"summary_large_image\" \/>\n<meta name=\"twitter:label1\" content=\"Est. reading time\" \/>\n\t<meta name=\"twitter:data1\" content=\"7 minutes\" \/>\n<script type=\"application\/ld+json\" class=\"yoast-schema-graph\">{\"@context\":\"https:\\\/\\\/schema.org\",\"@graph\":[{\"@type\":\"WebPage\",\"@id\":\"https:\\\/\\\/athleatcoach.com\\\/en\\\/education\\\/\",\"url\":\"https:\\\/\\\/athleatcoach.com\\\/en\\\/education\\\/\",\"name\":\"Education - athlEATcoach | Sports Nutrition\",\"isPartOf\":{\"@id\":\"https:\\\/\\\/athleatcoach.com\\\/en\\\/#website\"},\"datePublished\":\"2020-06-09T10:56:39+00:00\",\"dateModified\":\"2025-11-25T13:11:59+00:00\",\"breadcrumb\":{\"@id\":\"https:\\\/\\\/athleatcoach.com\\\/en\\\/education\\\/#breadcrumb\"},\"inLanguage\":\"en-US\",\"potentialAction\":[{\"@type\":\"ReadAction\",\"target\":[\"https:\\\/\\\/athleatcoach.com\\\/en\\\/education\\\/\"]}]},{\"@type\":\"BreadcrumbList\",\"@id\":\"https:\\\/\\\/athleatcoach.com\\\/en\\\/education\\\/#breadcrumb\",\"itemListElement\":[{\"@type\":\"ListItem\",\"position\":1,\"name\":\"Home\",\"item\":\"https:\\\/\\\/athleatcoach.com\\\/en\\\/athleatcoach\\\/\"},{\"@type\":\"ListItem\",\"position\":2,\"name\":\"Education\"}]},{\"@type\":\"WebSite\",\"@id\":\"https:\\\/\\\/athleatcoach.com\\\/en\\\/#website\",\"url\":\"https:\\\/\\\/athleatcoach.com\\\/en\\\/\",\"name\":\"athlEATcoach | Sportern\u00e4hrung\",\"description\":\"Nutrition Coaching f\u00fcr Sportler &amp; Fortbildungen f\u00fcr Trainer\",\"publisher\":{\"@id\":\"https:\\\/\\\/athleatcoach.com\\\/en\\\/#organization\"},\"potentialAction\":[{\"@type\":\"SearchAction\",\"target\":{\"@type\":\"EntryPoint\",\"urlTemplate\":\"https:\\\/\\\/athleatcoach.com\\\/en\\\/?s={search_term_string}\"},\"query-input\":{\"@type\":\"PropertyValueSpecification\",\"valueRequired\":true,\"valueName\":\"search_term_string\"}}],\"inLanguage\":\"en-US\"},{\"@type\":\"Organization\",\"@id\":\"https:\\\/\\\/athleatcoach.com\\\/en\\\/#organization\",\"name\":\"athlEATcoach | Sportern\u00e4hrung\",\"url\":\"https:\\\/\\\/athleatcoach.com\\\/en\\\/\",\"logo\":{\"@type\":\"ImageObject\",\"inLanguage\":\"en-US\",\"@id\":\"https:\\\/\\\/athleatcoach.com\\\/en\\\/#\\\/schema\\\/logo\\\/image\\\/\",\"url\":\"https:\\\/\\\/athleatcoach.com\\\/wp-content\\\/uploads\\\/Logo_athleatcoach.png\",\"contentUrl\":\"https:\\\/\\\/athleatcoach.com\\\/wp-content\\\/uploads\\\/Logo_athleatcoach.png\",\"width\":2000,\"height\":667,\"caption\":\"athlEATcoach | Sportern\u00e4hrung\"},\"image\":{\"@id\":\"https:\\\/\\\/athleatcoach.com\\\/en\\\/#\\\/schema\\\/logo\\\/image\\\/\"},\"sameAs\":[\"https:\\\/\\\/www.instagram.com\\\/team_athleatcoach\\\/\"]}]}<\/script>\n<!-- \/ Yoast SEO plugin. -->","yoast_head_json":{"title":"Education - athlEATcoach | Sports Nutrition","robots":{"index":"index","follow":"follow","max-snippet":"max-snippet:-1","max-image-preview":"max-image-preview:large","max-video-preview":"max-video-preview:-1"},"canonical":"https:\/\/athleatcoach.com\/en\/education\/","og_locale":"en_US","og_type":"article","og_title":"Education - athlEATcoach | Sports Nutrition","og_description":"Athleatcoach | Coaching \u2022 Academy \u2022 Consulting Webinars &amp; eBooks for more Expertise Articles &amp; Interviews eBooks &amp; Webinars Are there any Open Questions?Ask Us!Feel free to contact us at any time, we are available to answer your questions \u2013 whether specifically about one of our offers or in general:We look forward to hearing from [&hellip;]","og_url":"https:\/\/athleatcoach.com\/en\/education\/","og_site_name":"athlEATcoach | Sports Nutrition","article_modified_time":"2025-11-25T13:11:59+00:00","twitter_card":"summary_large_image","twitter_misc":{"Est. reading time":"7 minutes"},"schema":{"@context":"https:\/\/schema.org","@graph":[{"@type":"WebPage","@id":"https:\/\/athleatcoach.com\/en\/education\/","url":"https:\/\/athleatcoach.com\/en\/education\/","name":"Education - athlEATcoach | Sports Nutrition","isPartOf":{"@id":"https:\/\/athleatcoach.com\/en\/#website"},"datePublished":"2020-06-09T10:56:39+00:00","dateModified":"2025-11-25T13:11:59+00:00","breadcrumb":{"@id":"https:\/\/athleatcoach.com\/en\/education\/#breadcrumb"},"inLanguage":"en-US","potentialAction":[{"@type":"ReadAction","target":["https:\/\/athleatcoach.com\/en\/education\/"]}]},{"@type":"BreadcrumbList","@id":"https:\/\/athleatcoach.com\/en\/education\/#breadcrumb","itemListElement":[{"@type":"ListItem","position":1,"name":"Home","item":"https:\/\/athleatcoach.com\/en\/athleatcoach\/"},{"@type":"ListItem","position":2,"name":"Education"}]},{"@type":"WebSite","@id":"https:\/\/athleatcoach.com\/en\/#website","url":"https:\/\/athleatcoach.com\/en\/","name":"athlEATcoach | Sportern\u00e4hrung","description":"Nutrition Coaching f\u00fcr Sportler &amp; Fortbildungen f\u00fcr Trainer","publisher":{"@id":"https:\/\/athleatcoach.com\/en\/#organization"},"potentialAction":[{"@type":"SearchAction","target":{"@type":"EntryPoint","urlTemplate":"https:\/\/athleatcoach.com\/en\/?s={search_term_string}"},"query-input":{"@type":"PropertyValueSpecification","valueRequired":true,"valueName":"search_term_string"}}],"inLanguage":"en-US"},{"@type":"Organization","@id":"https:\/\/athleatcoach.com\/en\/#organization","name":"athlEATcoach | Sportern\u00e4hrung","url":"https:\/\/athleatcoach.com\/en\/","logo":{"@type":"ImageObject","inLanguage":"en-US","@id":"https:\/\/athleatcoach.com\/en\/#\/schema\/logo\/image\/","url":"https:\/\/athleatcoach.com\/wp-content\/uploads\/Logo_athleatcoach.png","contentUrl":"https:\/\/athleatcoach.com\/wp-content\/uploads\/Logo_athleatcoach.png","width":2000,"height":667,"caption":"athlEATcoach | Sportern\u00e4hrung"},"image":{"@id":"https:\/\/athleatcoach.com\/en\/#\/schema\/logo\/image\/"},"sameAs":["https:\/\/www.instagram.com\/team_athleatcoach\/"]}]}},"_links":{"self":[{"href":"https:\/\/athleatcoach.com\/en\/wp-json\/wp\/v2\/pages\/11445","targetHints":{"allow":["GET"]}}],"collection":[{"href":"https:\/\/athleatcoach.com\/en\/wp-json\/wp\/v2\/pages"}],"about":[{"href":"https:\/\/athleatcoach.com\/en\/wp-json\/wp\/v2\/types\/page"}],"author":[{"embeddable":true,"href":"https:\/\/athleatcoach.com\/en\/wp-json\/wp\/v2\/users\/8"}],"replies":[{"embeddable":true,"href":"https:\/\/athleatcoach.com\/en\/wp-json\/wp\/v2\/comments?post=11445"}],"version-history":[{"count":0,"href":"https:\/\/athleatcoach.com\/en\/wp-json\/wp\/v2\/pages\/11445\/revisions"}],"wp:attachment":[{"href":"https:\/\/athleatcoach.com\/en\/wp-json\/wp\/v2\/media?parent=11445"}],"curies":[{"name":"wp","href":"https:\/\/api.w.org\/{rel}","templated":true}]}}