{"id":11473,"date":"2021-07-29T10:42:43","date_gmt":"2021-07-29T08:42:43","guid":{"rendered":"https:\/\/athleatcoach.com\/education-2\/"},"modified":"2025-11-25T14:12:37","modified_gmt":"2025-11-25T13:12:37","slug":"education-2","status":"publish","type":"page","link":"https:\/\/athleatcoach.com\/en\/education-2\/","title":{"rendered":"Education"},"content":{"rendered":"<p>[et_pb_section fb_built=&#8221;1&#8243; _builder_version=&#8221;4.7.7&#8243; background_image=&#8221;https:\/\/athleatcoach.com\/wp-content\/uploads\/2020\/06\/cooking.jpg&#8221; height=&#8221;440px&#8221; custom_margin=&#8221;||||false|false&#8221; da_disable_devices=&#8221;off|off|off&#8221; da_is_popup=&#8221;off&#8221; da_exit_intent=&#8221;off&#8221; da_has_close=&#8221;on&#8221; da_alt_close=&#8221;off&#8221; da_dark_close=&#8221;off&#8221; da_not_modal=&#8221;on&#8221; da_is_singular=&#8221;off&#8221; da_with_loader=&#8221;off&#8221; da_has_shadow=&#8221;on&#8221;][et_pb_row column_structure=&#8221;1_2,1_2&#8243; make_equal=&#8221;on&#8221; _builder_version=&#8221;4.0.9&#8243; width=&#8221;100%&#8221; max_width=&#8221;1200px&#8221; height=&#8221;100%&#8221;][et_pb_column type=&#8221;1_2&#8243; _builder_version=&#8221;4.0.9&#8243; background_color=&#8221;#000000&#8243; custom_padding=&#8221;40px|40px|40px|40px|false|false&#8221; custom_css_main_element=&#8221;margin: auto auto 0;&#8221;][et_pb_text _builder_version=&#8221;4.9.10&#8243;]<\/p>\n<h4>Athleatcoach | Coaching \u2022 Education \u2022 Consulting<\/h4>\n<h1>Webinars &amp; eBooks <\/h1>\n<p>[\/et_pb_text][\/et_pb_column][et_pb_column type=&#8221;1_2&#8243; _builder_version=&#8221;4.0.9&#8243;][\/et_pb_column][\/et_pb_row][\/et_pb_section][et_pb_section fb_built=&#8221;1&#8243; _builder_version=&#8221;4.7.7&#8243; background_color=&#8221;#006a32&#8243; custom_margin=&#8221;0px|0px|0px|0px|false|false&#8221; custom_padding=&#8221;0px|0px|0px|0px|false|false&#8221; da_disable_devices=&#8221;off|off|off&#8221; da_is_popup=&#8221;off&#8221; da_exit_intent=&#8221;off&#8221; da_has_close=&#8221;on&#8221; da_alt_close=&#8221;off&#8221; da_dark_close=&#8221;off&#8221; da_not_modal=&#8221;on&#8221; da_is_singular=&#8221;off&#8221; da_with_loader=&#8221;off&#8221; da_has_shadow=&#8221;on&#8221;][et_pb_row _builder_version=&#8221;4.7.7&#8243; width=&#8221;100%&#8221; max_width=&#8221;1600px&#8221; custom_margin=&#8221;0px|0px|0px|0px|false|false&#8221; custom_padding=&#8221;0px|0px|0px|0px|false|false&#8221;][et_pb_column type=&#8221;4_4&#8243; _builder_version=&#8221;4.0.9&#8243; custom_padding=&#8221;2.5vw|2.5vw|2.5vw|2.5vw|false|false&#8221;][et_pb_text _builder_version=&#8221;4.9.10&#8243; text_font=&#8221;|600||on|||||&#8221; text_text_color=&#8221;#ffffff&#8221; text_font_size=&#8221;24px&#8221; text_orientation=&#8221;center&#8221;]<\/p>\n<p>Coming soon&#8230;<\/p>\n<p>[\/et_pb_text][\/et_pb_column][\/et_pb_row][\/et_pb_section][et_pb_section fb_built=&#8221;1&#8243; _builder_version=&#8221;4.0.9&#8243; da_disable_devices=&#8221;off|off|off&#8221; da_is_popup=&#8221;off&#8221; da_exit_intent=&#8221;off&#8221; da_has_close=&#8221;on&#8221; da_alt_close=&#8221;off&#8221; da_dark_close=&#8221;off&#8221; da_not_modal=&#8221;on&#8221; da_is_singular=&#8221;off&#8221; da_with_loader=&#8221;off&#8221; da_has_shadow=&#8221;on&#8221;][et_pb_row column_structure=&#8221;1_2,1_2&#8243; use_custom_gutter=&#8221;on&#8221; gutter_width=&#8221;1&#8243; make_equal=&#8221;on&#8221; _builder_version=&#8221;4.7.7&#8243;][et_pb_column type=&#8221;1_2&#8243; _builder_version=&#8221;4.7.7&#8243; custom_css_main_element=&#8221;margin:auto;&#8221;][et_pb_image src=&#8221;https:\/\/athleatcoach.com\/wp-content\/uploads\/2021\/02\/academy-scaled.jpg&#8221; title_text=&#8221;academy&#8221; _builder_version=&#8221;4.9.10&#8243; _module_preset=&#8221;default&#8221; hover_enabled=&#8221;0&#8243; sticky_enabled=&#8221;0&#8243;][\/et_pb_image][\/et_pb_column][et_pb_column type=&#8221;1_2&#8243; _builder_version=&#8221;4.0.9&#8243;][et_pb_wc_title _builder_version=&#8221;4.9.10&#8243; _module_preset=&#8221;default&#8221; header_level=&#8221;h2&#8243; custom_margin=&#8221;||30px||false|false&#8221; hover_enabled=&#8221;0&#8243; product=&#8221;8348&#8243; sticky_enabled=&#8221;0&#8243;][\/et_pb_wc_title][et_pb_wc_description description_type=&#8221;description&#8221; _builder_version=&#8221;4.9.10&#8243; _module_preset=&#8221;default&#8221; body_font_size=&#8221;16px&#8221; hover_enabled=&#8221;0&#8243; product=&#8221;8348&#8243; sticky_enabled=&#8221;0&#8243;][\/et_pb_wc_description][\/et_pb_column][\/et_pb_row][et_pb_row column_structure=&#8221;1_2,1_2&#8243; use_custom_gutter=&#8221;on&#8221; gutter_width=&#8221;1&#8243; make_equal=&#8221;on&#8221; _builder_version=&#8221;4.0.9&#8243;][et_pb_column type=&#8221;1_2&#8243; _builder_version=&#8221;4.0.9&#8243; custom_css_main_element=&#8221;margin: auto;&#8221;][et_pb_image src=&#8221;https:\/\/athleatcoach.com\/wp-content\/uploads\/2021\/01\/athleatcoach_webinar_01-1.png&#8221; _builder_version=&#8221;4.0.9&#8243; max_width=&#8221;360px&#8221; module_alignment=&#8221;center&#8221;][\/et_pb_image][\/et_pb_column][et_pb_column type=&#8221;1_2&#8243; _builder_version=&#8221;4.0.9&#8243; custom_padding=&#8221;||||false|false&#8221; custom_css_main_element=&#8221;margin:auto;&#8221;][et_pb_text _builder_version=&#8221;4.9.10&#8243;]<\/p>\n<h2>Recovery Webinar<\/h2>\n<p>[\/et_pb_text][et_pb_text _builder_version=&#8221;4.9.10&#8243;]<\/p>\n<p><strong>Content:<\/strong><\/p>\n<ul>\n<li>Protein: what type, how much and when<\/li>\n<li>Carbs: what type, how much and when<\/li>\n<li>Differences between competitive and amateur athletes<\/li>\n<li>Dietary strategies to support recovery of the central nervous system<\/li>\n<li>How to support optimal sleep<\/li>\n<li>Supplement protocols that are backed up by science<\/li>\n<li>Pros and cons of sauna and ice-bathing<\/li>\n<li>Effect of different massage and stretching techniques<\/li>\n<\/ul>\n<p>[\/et_pb_text][\/et_pb_column][\/et_pb_row][\/et_pb_section][et_pb_section fb_built=&#8221;1&#8243; admin_label=&#8221;Globaler Kontakt EN&#8221; module_id=&#8221;contact&#8221; _builder_version=&#8221;4.9.10&#8243; background_color=&#8221;#f8f8f8&#8243; da_disable_devices=&#8221;off|off|off&#8221; global_module=&#8221;7043&#8243; saved_tabs=&#8221;all&#8221; collapsed=&#8221;off&#8221; da_is_popup=&#8221;off&#8221; da_exit_intent=&#8221;off&#8221; da_has_close=&#8221;on&#8221; da_alt_close=&#8221;off&#8221; da_dark_close=&#8221;off&#8221; da_not_modal=&#8221;on&#8221; da_is_singular=&#8221;off&#8221; da_with_loader=&#8221;off&#8221; da_has_shadow=&#8221;on&#8221;][et_pb_row column_structure=&#8221;1_3,2_3&#8243; _builder_version=&#8221;4.0.9&#8243;][et_pb_column type=&#8221;1_3&#8243; _builder_version=&#8221;4.0.9&#8243;][et_pb_text _builder_version=&#8221;4.9.10&#8243;]<\/p>\n<h2>Do You Have any Question?<br \/>Feel Free to Drop Us a Message<\/h2>\n<p>[\/et_pb_text][et_pb_text _builder_version=&#8221;4.9.10&#8243;]<\/p>\n<p>Feel free to contact us at any time. We are happy to answer your questions \u2014 whether specific questions regarding our offers or general enquiries. We look forward to hearing from you!  <\/p>\n<p><strong>Athleatcoach<\/strong><br \/>J\u00f6rn Utermann<br \/>10 Colinton Mains Green<br \/>EH139AG Edinburgh<br \/>United Kingdom<br \/><a href=\"tel:004917658889248\">+49 176 58 88 92 48<\/a><br \/><a href=\"mailto:mail@athleatcoach.com\">mail@athleatcoach.com<\/a><\/p>\n<p>[\/et_pb_text][\/et_pb_column][et_pb_column type=&#8221;2_3&#8243; _builder_version=&#8221;4.0.9&#8243;][et_pb_text _builder_version=&#8221;4.7.7&#8243;]<\/p>\n<h2>Contact Us<\/h2>\n<p>[\/et_pb_text][et_pb_contact_form captcha=&#8221;off&#8221; submit_button_text=&#8221;Submit&#8221; _builder_version=&#8221;4.9.10&#8243; _module_preset=&#8221;default&#8221; form_field_text_align=&#8221;left&#8221; custom_button=&#8221;on&#8221; button_text_size=&#8221;14px&#8221; button_text_color=&#8221;#ffffff&#8221; button_bg_color=&#8221;#006b2f&#8221; button_border_width=&#8221;0px&#8221; button_border_radius=&#8221;0px&#8221; button_font=&#8221;||||||||&#8221; button_use_icon=&#8221;off&#8221; button_custom_margin=&#8221;|||0px|false|false&#8221; button_custom_padding=&#8221;12px|24px|12px|24px|false|false&#8221; text_orientation=&#8221;left&#8221;][et_pb_contact_field field_id=&#8221;Name&#8221; field_title=&#8221;Name&#8221; _builder_version=&#8221;3.16&#8243; button_text_size__hover_enabled=&#8221;off&#8221; button_one_text_size__hover_enabled=&#8221;off&#8221; button_two_text_size__hover_enabled=&#8221;off&#8221; button_text_color__hover_enabled=&#8221;off&#8221; button_one_text_color__hover_enabled=&#8221;off&#8221; button_two_text_color__hover_enabled=&#8221;off&#8221; button_border_width__hover_enabled=&#8221;off&#8221; button_one_border_width__hover_enabled=&#8221;off&#8221; button_two_border_width__hover_enabled=&#8221;off&#8221; button_border_color__hover_enabled=&#8221;off&#8221; button_one_border_color__hover_enabled=&#8221;off&#8221; button_two_border_color__hover_enabled=&#8221;off&#8221; button_border_radius__hover_enabled=&#8221;off&#8221; button_one_border_radius__hover_enabled=&#8221;off&#8221; button_two_border_radius__hover_enabled=&#8221;off&#8221; button_letter_spacing__hover_enabled=&#8221;off&#8221; button_one_letter_spacing__hover_enabled=&#8221;off&#8221; button_two_letter_spacing__hover_enabled=&#8221;off&#8221; button_bg_color__hover_enabled=&#8221;off&#8221; button_one_bg_color__hover_enabled=&#8221;off&#8221; button_two_bg_color__hover_enabled=&#8221;off&#8221;][\/et_pb_contact_field][et_pb_contact_field field_id=&#8221;Email&#8221; field_title=&#8221;E-Mail&#8221; field_type=&#8221;email&#8221; _builder_version=&#8221;4.9.10&#8243; button_text_size__hover_enabled=&#8221;off&#8221; button_one_text_size__hover_enabled=&#8221;off&#8221; button_two_text_size__hover_enabled=&#8221;off&#8221; button_text_color__hover_enabled=&#8221;off&#8221; button_one_text_color__hover_enabled=&#8221;off&#8221; button_two_text_color__hover_enabled=&#8221;off&#8221; button_border_width__hover_enabled=&#8221;off&#8221; button_one_border_width__hover_enabled=&#8221;off&#8221; button_two_border_width__hover_enabled=&#8221;off&#8221; button_border_color__hover_enabled=&#8221;off&#8221; button_one_border_color__hover_enabled=&#8221;off&#8221; button_two_border_color__hover_enabled=&#8221;off&#8221; button_border_radius__hover_enabled=&#8221;off&#8221; button_one_border_radius__hover_enabled=&#8221;off&#8221; button_two_border_radius__hover_enabled=&#8221;off&#8221; button_letter_spacing__hover_enabled=&#8221;off&#8221; button_one_letter_spacing__hover_enabled=&#8221;off&#8221; button_two_letter_spacing__hover_enabled=&#8221;off&#8221; button_bg_color__hover_enabled=&#8221;off&#8221; button_one_bg_color__hover_enabled=&#8221;off&#8221; button_two_bg_color__hover_enabled=&#8221;off&#8221;][\/et_pb_contact_field][et_pb_contact_field field_id=&#8221;Message&#8221; field_title=&#8221;Message&#8221; field_type=&#8221;text&#8221; fullwidth_field=&#8221;on&#8221; _builder_version=&#8221;4.9.10&#8243; button_text_size__hover_enabled=&#8221;off&#8221; button_one_text_size__hover_enabled=&#8221;off&#8221; button_two_text_size__hover_enabled=&#8221;off&#8221; button_text_color__hover_enabled=&#8221;off&#8221; button_one_text_color__hover_enabled=&#8221;off&#8221; button_two_text_color__hover_enabled=&#8221;off&#8221; button_border_width__hover_enabled=&#8221;off&#8221; button_one_border_width__hover_enabled=&#8221;off&#8221; button_two_border_width__hover_enabled=&#8221;off&#8221; button_border_color__hover_enabled=&#8221;off&#8221; button_one_border_color__hover_enabled=&#8221;off&#8221; button_two_border_color__hover_enabled=&#8221;off&#8221; button_border_radius__hover_enabled=&#8221;off&#8221; button_one_border_radius__hover_enabled=&#8221;off&#8221; button_two_border_radius__hover_enabled=&#8221;off&#8221; button_letter_spacing__hover_enabled=&#8221;off&#8221; button_one_letter_spacing__hover_enabled=&#8221;off&#8221; button_two_letter_spacing__hover_enabled=&#8221;off&#8221; button_bg_color__hover_enabled=&#8221;off&#8221; button_one_bg_color__hover_enabled=&#8221;off&#8221; button_two_bg_color__hover_enabled=&#8221;off&#8221;][\/et_pb_contact_field][et_pb_contact_field field_id=&#8221;Field_4&#8243; field_title=&#8221; &#8221; field_type=&#8221;checkbox&#8221; checkbox_options=&#8221;%91{%22value%22:%22Yes, I agree that my data will be transmitted and processed in the course of this request. I have also been informed that the collection, processing and use of my data is on a voluntary basis. Furthermore, that I can refuse my consent without adverse consequences for me or revoke it at any time with effect for the future.  %22,%22checked%22:0,%22dragID%22:-1}%93&#8243; fullwidth_field=&#8221;on&#8221; _builder_version=&#8221;4.9.10&#8243; _module_preset=&#8221;default&#8221;][\/et_pb_contact_field][\/et_pb_contact_form][\/et_pb_column][\/et_pb_row][\/et_pb_section]<\/p>\n","protected":false},"excerpt":{"rendered":"<p>Athleatcoach | Coaching \u2022 Education \u2022 Consulting Webinars &amp; eBooks Coming soon&#8230;Recovery WebinarContent: Protein: what type, how much and when Carbs: what type, how much and when Differences between competitive and amateur athletes Dietary strategies to support recovery of the central nervous system How to support optimal sleep Supplement protocols that are backed up by [&hellip;]<\/p>\n","protected":false},"author":8,"featured_media":0,"parent":0,"menu_order":0,"comment_status":"closed","ping_status":"open","template":"","meta":{"_acf_changed":false,"_et_pb_use_builder":"on","_et_pb_old_content":"","_et_gb_content_width":"","footnotes":""},"class_list":["post-11473","page","type-page","status-publish","hentry"],"acf":[],"yoast_head":"<!-- This site is optimized with the Yoast SEO plugin v27.5 - https:\/\/yoast.com\/product\/yoast-seo-wordpress\/ -->\n<title>Education - athlEATcoach | Sports Nutrition<\/title>\n<meta name=\"robots\" content=\"index, follow, max-snippet:-1, max-image-preview:large, max-video-preview:-1\" \/>\n<link rel=\"canonical\" href=\"https:\/\/athleatcoach.com\/en\/education-2\/\" \/>\n<meta property=\"og:locale\" content=\"en_US\" \/>\n<meta property=\"og:type\" content=\"article\" \/>\n<meta property=\"og:title\" content=\"Education - athlEATcoach | Sports Nutrition\" \/>\n<meta property=\"og:description\" content=\"Athleatcoach | Coaching \u2022 Education \u2022 Consulting Webinars &amp; eBooks Coming soon...Recovery WebinarContent: Protein: what type, how much and when Carbs: what type, how much and when Differences between competitive and amateur athletes Dietary strategies to support recovery of the central nervous system How to support optimal sleep Supplement protocols that are backed up by [&hellip;]\" \/>\n<meta property=\"og:url\" content=\"https:\/\/athleatcoach.com\/en\/education-2\/\" \/>\n<meta property=\"og:site_name\" content=\"athlEATcoach | Sports Nutrition\" \/>\n<meta property=\"article:modified_time\" content=\"2025-11-25T13:12:37+00:00\" \/>\n<meta name=\"twitter:card\" content=\"summary_large_image\" \/>\n<meta name=\"twitter:label1\" content=\"Est. reading time\" \/>\n\t<meta name=\"twitter:data1\" content=\"7 minutes\" \/>\n<script type=\"application\/ld+json\" class=\"yoast-schema-graph\">{\"@context\":\"https:\\\/\\\/schema.org\",\"@graph\":[{\"@type\":\"WebPage\",\"@id\":\"https:\\\/\\\/athleatcoach.com\\\/en\\\/education-2\\\/\",\"url\":\"https:\\\/\\\/athleatcoach.com\\\/en\\\/education-2\\\/\",\"name\":\"Education - athlEATcoach | Sports Nutrition\",\"isPartOf\":{\"@id\":\"https:\\\/\\\/athleatcoach.com\\\/en\\\/#website\"},\"datePublished\":\"2021-07-29T08:42:43+00:00\",\"dateModified\":\"2025-11-25T13:12:37+00:00\",\"breadcrumb\":{\"@id\":\"https:\\\/\\\/athleatcoach.com\\\/en\\\/education-2\\\/#breadcrumb\"},\"inLanguage\":\"en-US\",\"potentialAction\":[{\"@type\":\"ReadAction\",\"target\":[\"https:\\\/\\\/athleatcoach.com\\\/en\\\/education-2\\\/\"]}]},{\"@type\":\"BreadcrumbList\",\"@id\":\"https:\\\/\\\/athleatcoach.com\\\/en\\\/education-2\\\/#breadcrumb\",\"itemListElement\":[{\"@type\":\"ListItem\",\"position\":1,\"name\":\"Home\",\"item\":\"https:\\\/\\\/athleatcoach.com\\\/en\\\/athleatcoach\\\/\"},{\"@type\":\"ListItem\",\"position\":2,\"name\":\"Education\"}]},{\"@type\":\"WebSite\",\"@id\":\"https:\\\/\\\/athleatcoach.com\\\/en\\\/#website\",\"url\":\"https:\\\/\\\/athleatcoach.com\\\/en\\\/\",\"name\":\"athlEATcoach | Sportern\u00e4hrung\",\"description\":\"Nutrition Coaching f\u00fcr Sportler &amp; Fortbildungen f\u00fcr Trainer\",\"publisher\":{\"@id\":\"https:\\\/\\\/athleatcoach.com\\\/en\\\/#organization\"},\"potentialAction\":[{\"@type\":\"SearchAction\",\"target\":{\"@type\":\"EntryPoint\",\"urlTemplate\":\"https:\\\/\\\/athleatcoach.com\\\/en\\\/?s={search_term_string}\"},\"query-input\":{\"@type\":\"PropertyValueSpecification\",\"valueRequired\":true,\"valueName\":\"search_term_string\"}}],\"inLanguage\":\"en-US\"},{\"@type\":\"Organization\",\"@id\":\"https:\\\/\\\/athleatcoach.com\\\/en\\\/#organization\",\"name\":\"athlEATcoach | Sportern\u00e4hrung\",\"url\":\"https:\\\/\\\/athleatcoach.com\\\/en\\\/\",\"logo\":{\"@type\":\"ImageObject\",\"inLanguage\":\"en-US\",\"@id\":\"https:\\\/\\\/athleatcoach.com\\\/en\\\/#\\\/schema\\\/logo\\\/image\\\/\",\"url\":\"https:\\\/\\\/athleatcoach.com\\\/wp-content\\\/uploads\\\/Logo_athleatcoach.png\",\"contentUrl\":\"https:\\\/\\\/athleatcoach.com\\\/wp-content\\\/uploads\\\/Logo_athleatcoach.png\",\"width\":2000,\"height\":667,\"caption\":\"athlEATcoach | Sportern\u00e4hrung\"},\"image\":{\"@id\":\"https:\\\/\\\/athleatcoach.com\\\/en\\\/#\\\/schema\\\/logo\\\/image\\\/\"},\"sameAs\":[\"https:\\\/\\\/www.instagram.com\\\/team_athleatcoach\\\/\"]}]}<\/script>\n<!-- \/ Yoast SEO plugin. -->","yoast_head_json":{"title":"Education - athlEATcoach | Sports Nutrition","robots":{"index":"index","follow":"follow","max-snippet":"max-snippet:-1","max-image-preview":"max-image-preview:large","max-video-preview":"max-video-preview:-1"},"canonical":"https:\/\/athleatcoach.com\/en\/education-2\/","og_locale":"en_US","og_type":"article","og_title":"Education - athlEATcoach | Sports Nutrition","og_description":"Athleatcoach | Coaching \u2022 Education \u2022 Consulting Webinars &amp; eBooks Coming soon...Recovery WebinarContent: Protein: what type, how much and when Carbs: what type, how much and when Differences between competitive and amateur athletes Dietary strategies to support recovery of the central nervous system How to support optimal sleep Supplement protocols that are backed up by [&hellip;]","og_url":"https:\/\/athleatcoach.com\/en\/education-2\/","og_site_name":"athlEATcoach | Sports Nutrition","article_modified_time":"2025-11-25T13:12:37+00:00","twitter_card":"summary_large_image","twitter_misc":{"Est. reading time":"7 minutes"},"schema":{"@context":"https:\/\/schema.org","@graph":[{"@type":"WebPage","@id":"https:\/\/athleatcoach.com\/en\/education-2\/","url":"https:\/\/athleatcoach.com\/en\/education-2\/","name":"Education - athlEATcoach | Sports Nutrition","isPartOf":{"@id":"https:\/\/athleatcoach.com\/en\/#website"},"datePublished":"2021-07-29T08:42:43+00:00","dateModified":"2025-11-25T13:12:37+00:00","breadcrumb":{"@id":"https:\/\/athleatcoach.com\/en\/education-2\/#breadcrumb"},"inLanguage":"en-US","potentialAction":[{"@type":"ReadAction","target":["https:\/\/athleatcoach.com\/en\/education-2\/"]}]},{"@type":"BreadcrumbList","@id":"https:\/\/athleatcoach.com\/en\/education-2\/#breadcrumb","itemListElement":[{"@type":"ListItem","position":1,"name":"Home","item":"https:\/\/athleatcoach.com\/en\/athleatcoach\/"},{"@type":"ListItem","position":2,"name":"Education"}]},{"@type":"WebSite","@id":"https:\/\/athleatcoach.com\/en\/#website","url":"https:\/\/athleatcoach.com\/en\/","name":"athlEATcoach | Sportern\u00e4hrung","description":"Nutrition Coaching f\u00fcr Sportler &amp; Fortbildungen f\u00fcr Trainer","publisher":{"@id":"https:\/\/athleatcoach.com\/en\/#organization"},"potentialAction":[{"@type":"SearchAction","target":{"@type":"EntryPoint","urlTemplate":"https:\/\/athleatcoach.com\/en\/?s={search_term_string}"},"query-input":{"@type":"PropertyValueSpecification","valueRequired":true,"valueName":"search_term_string"}}],"inLanguage":"en-US"},{"@type":"Organization","@id":"https:\/\/athleatcoach.com\/en\/#organization","name":"athlEATcoach | Sportern\u00e4hrung","url":"https:\/\/athleatcoach.com\/en\/","logo":{"@type":"ImageObject","inLanguage":"en-US","@id":"https:\/\/athleatcoach.com\/en\/#\/schema\/logo\/image\/","url":"https:\/\/athleatcoach.com\/wp-content\/uploads\/Logo_athleatcoach.png","contentUrl":"https:\/\/athleatcoach.com\/wp-content\/uploads\/Logo_athleatcoach.png","width":2000,"height":667,"caption":"athlEATcoach | Sportern\u00e4hrung"},"image":{"@id":"https:\/\/athleatcoach.com\/en\/#\/schema\/logo\/image\/"},"sameAs":["https:\/\/www.instagram.com\/team_athleatcoach\/"]}]}},"_links":{"self":[{"href":"https:\/\/athleatcoach.com\/en\/wp-json\/wp\/v2\/pages\/11473","targetHints":{"allow":["GET"]}}],"collection":[{"href":"https:\/\/athleatcoach.com\/en\/wp-json\/wp\/v2\/pages"}],"about":[{"href":"https:\/\/athleatcoach.com\/en\/wp-json\/wp\/v2\/types\/page"}],"author":[{"embeddable":true,"href":"https:\/\/athleatcoach.com\/en\/wp-json\/wp\/v2\/users\/8"}],"replies":[{"embeddable":true,"href":"https:\/\/athleatcoach.com\/en\/wp-json\/wp\/v2\/comments?post=11473"}],"version-history":[{"count":0,"href":"https:\/\/athleatcoach.com\/en\/wp-json\/wp\/v2\/pages\/11473\/revisions"}],"wp:attachment":[{"href":"https:\/\/athleatcoach.com\/en\/wp-json\/wp\/v2\/media?parent=11473"}],"curies":[{"name":"wp","href":"https:\/\/api.w.org\/{rel}","templated":true}]}}