{"id":11668,"date":"2020-06-09T13:00:41","date_gmt":"2020-06-09T11:00:41","guid":{"rendered":"https:\/\/athleatcoach.com\/imprint-2\/"},"modified":"2025-11-25T14:12:08","modified_gmt":"2025-11-25T13:12:08","slug":"imprint-2","status":"publish","type":"page","link":"https:\/\/athleatcoach.com\/en\/imprint-2\/","title":{"rendered":"Imprint"},"content":{"rendered":"<p>[et_pb_section fb_built=&#8221;1&#8243; _builder_version=&#8221;4.7.7&#8243; _module_preset=&#8221;default&#8221; da_disable_devices=&#8221;off|off|off&#8221; da_is_popup=&#8221;off&#8221; da_exit_intent=&#8221;off&#8221; da_has_close=&#8221;on&#8221; da_alt_close=&#8221;off&#8221; da_dark_close=&#8221;off&#8221; da_not_modal=&#8221;on&#8221; da_is_singular=&#8221;off&#8221; da_with_loader=&#8221;off&#8221; da_has_shadow=&#8221;on&#8221;][et_pb_row _builder_version=&#8221;4.7.7&#8243; _module_preset=&#8221;default&#8221;][et_pb_column type=&#8221;4_4&#8243; _builder_version=&#8221;4.7.7&#8243; _module_preset=&#8221;default&#8221;][et_pb_text _builder_version=&#8221;4.7.7&#8243; _module_preset=&#8221;default&#8221;]<\/p>\n<h1>Imprint<\/h1>\n<h3>Information According to \u00a7 5 TMG<\/h3>\n<p><strong>Athleatcoach<\/strong><br \/>J\u00f6rn Utermann<br \/>10 Colinton Mains Green<br \/>EH139AG Edinburgh<br \/>United Kingdom<br \/><a href=\"tel:004917658889248\">+49 176 58 88 92 48<\/a><br \/><a href=\"mailto:mail@athleatcoach.com\">mail@athleatcoach.com<\/a><\/p>\n<h3>Responsible for Content According to \u00a7 55 Para. 2 RStV <\/h3>\n<p><strong>Athleatcoach<\/strong><br \/>J\u00f6rn Utermann<br \/>10 Colinton Mains Green<br \/>EH139AG Edinburgh<br \/>United Kingdom<br \/><a href=\"tel:004917658889248\">+49 176 58 88 92 48<\/a><br \/><a href=\"mailto:mail@athleatcoach.com\">mail@athleatcoach.com<\/a><\/p>\n<h3>Dispute Resolution<\/h3>\n<p>The European Commission provides a platform for online dispute resolution (ODR):<\/p>\n<p><a href=\"https:\/\/ec.europa.eu\/consumers\/odr\" target=\"_blank\" rel=\"noopener noreferrer\">https:\/\/ec.europa.eu\/consumers\/odr<\/a>.<\/p>\n<p>You can find our e-mail address above in the legal notice.<\/p>\n<p>We are neither willing nor obliged to participate in dispute resolution proceedings before a consumer arbitration board.<\/p>\n<h3>Liability for Content<\/h3>\n<p>As a service provider, we are responsible for our own content on these pages in accordance with general laws, pursuant to \u00a7 7 Para. 1 TMG. According to \u00a7\u00a7 8 to 10 TMG, however, we as a service provider are not obliged to monitor transmitted or stored external information or to investigate circumstances that indicate illegal activity.  <\/p>\n<p>Obligations to remove or block the use of information according to general laws remain unaffected. However, liability in this regard is only possible from the point in time at which a concrete violation of the law becomes known. If we become aware of corresponding violations of the law, we will remove this content immediately.  <\/p>\n<h3>Liability for Links<\/h3>\n<p>Our offer contains links to external websites of third parties, on whose content we have no influence. Therefore, we cannot assume any liability for this external content. The respective provider or operator of the pages is always responsible for the content of the linked pages. The linked pages were checked for possible legal violations at the time of linking. Illegal content was not recognizable at the time of linking.    <\/p>\n<p>However, a permanent control of the content of the linked pages is not reasonable without concrete evidence of a violation of the law. If we become aware of legal violations, we will remove such links immediately. <\/p>\n<h3>Copyright<\/h3>\n<p>The content and works created by the site operators on these pages are subject to German copyright law. The duplication, processing, distribution and any kind of use outside the limits of copyright law require the written consent of the respective author or creator. Downloads and copies of this page are only permitted for private, non-commercial use.  <\/p>\n<p>Insofar as the content on this page was not created by the operator, the copyrights of third parties are respected. In particular, third-party content is identified as such. Should you nevertheless become aware of a copyright infringement, we ask that you notify us accordingly. If we become aware of legal violations, we will remove such content immediately.   <\/p>\n<p>[\/et_pb_text][\/et_pb_column][\/et_pb_row][\/et_pb_section]<\/p>\n","protected":false},"excerpt":{"rendered":"<p>Imprint Information According to \u00a7 5 TMG AthleatcoachJ\u00f6rn Utermann10 Colinton Mains GreenEH139AG EdinburghUnited Kingdom+49 176 58 88 92 48mail@athleatcoach.com Responsible for Content According to \u00a7 55 Para. 2 RStV AthleatcoachJ\u00f6rn Utermann10 Colinton Mains GreenEH139AG EdinburghUnited Kingdom+49 176 58 88 92 48mail@athleatcoach.com Dispute Resolution The European Commission provides a platform for online dispute resolution (ODR): https:\/\/ec.europa.eu\/consumers\/odr. [&hellip;]<\/p>\n","protected":false},"author":8,"featured_media":0,"parent":0,"menu_order":0,"comment_status":"closed","ping_status":"closed","template":"","meta":{"_acf_changed":false,"_et_pb_use_builder":"on","_et_pb_old_content":"","_et_gb_content_width":"","footnotes":""},"class_list":["post-11668","page","type-page","status-publish","hentry"],"acf":[],"yoast_head":"<!-- This site is optimized with the Yoast SEO plugin v27.4 - https:\/\/yoast.com\/product\/yoast-seo-wordpress\/ -->\n<title>Imprint - athlEATcoach | Sports Nutrition<\/title>\n<meta name=\"robots\" content=\"index, follow, max-snippet:-1, max-image-preview:large, max-video-preview:-1\" \/>\n<link rel=\"canonical\" href=\"https:\/\/athleatcoach.com\/en\/imprint-2\/\" \/>\n<meta property=\"og:locale\" content=\"en_US\" \/>\n<meta property=\"og:type\" content=\"article\" \/>\n<meta property=\"og:title\" content=\"Imprint - athlEATcoach | Sports Nutrition\" \/>\n<meta property=\"og:description\" content=\"Imprint Information According to \u00a7 5 TMG AthleatcoachJ\u00f6rn Utermann10 Colinton Mains GreenEH139AG EdinburghUnited Kingdom+49 176 58 88 92 48mail@athleatcoach.com Responsible for Content According to \u00a7 55 Para. 2 RStV AthleatcoachJ\u00f6rn Utermann10 Colinton Mains GreenEH139AG EdinburghUnited Kingdom+49 176 58 88 92 48mail@athleatcoach.com Dispute Resolution The European Commission provides a platform for online dispute resolution (ODR): https:\/\/ec.europa.eu\/consumers\/odr. [&hellip;]\" \/>\n<meta property=\"og:url\" content=\"https:\/\/athleatcoach.com\/en\/imprint-2\/\" \/>\n<meta property=\"og:site_name\" content=\"athlEATcoach | Sports Nutrition\" \/>\n<meta property=\"article:modified_time\" content=\"2025-11-25T13:12:08+00:00\" \/>\n<meta name=\"twitter:card\" content=\"summary_large_image\" \/>\n<meta name=\"twitter:label1\" content=\"Est. reading time\" \/>\n\t<meta name=\"twitter:data1\" content=\"3 minutes\" \/>\n<script type=\"application\/ld+json\" class=\"yoast-schema-graph\">{\"@context\":\"https:\\\/\\\/schema.org\",\"@graph\":[{\"@type\":\"WebPage\",\"@id\":\"https:\\\/\\\/athleatcoach.com\\\/en\\\/imprint-2\\\/\",\"url\":\"https:\\\/\\\/athleatcoach.com\\\/en\\\/imprint-2\\\/\",\"name\":\"Imprint - athlEATcoach | Sports Nutrition\",\"isPartOf\":{\"@id\":\"https:\\\/\\\/athleatcoach.com\\\/en\\\/#website\"},\"datePublished\":\"2020-06-09T11:00:41+00:00\",\"dateModified\":\"2025-11-25T13:12:08+00:00\",\"breadcrumb\":{\"@id\":\"https:\\\/\\\/athleatcoach.com\\\/en\\\/imprint-2\\\/#breadcrumb\"},\"inLanguage\":\"en-US\",\"potentialAction\":[{\"@type\":\"ReadAction\",\"target\":[\"https:\\\/\\\/athleatcoach.com\\\/en\\\/imprint-2\\\/\"]}]},{\"@type\":\"BreadcrumbList\",\"@id\":\"https:\\\/\\\/athleatcoach.com\\\/en\\\/imprint-2\\\/#breadcrumb\",\"itemListElement\":[{\"@type\":\"ListItem\",\"position\":1,\"name\":\"Home\",\"item\":\"https:\\\/\\\/athleatcoach.com\\\/en\\\/athleatcoach\\\/\"},{\"@type\":\"ListItem\",\"position\":2,\"name\":\"Imprint\"}]},{\"@type\":\"WebSite\",\"@id\":\"https:\\\/\\\/athleatcoach.com\\\/en\\\/#website\",\"url\":\"https:\\\/\\\/athleatcoach.com\\\/en\\\/\",\"name\":\"athlEATcoach | Sportern\u00e4hrung\",\"description\":\"Nutrition Coaching f\u00fcr Sportler &amp; Fortbildungen f\u00fcr Trainer\",\"publisher\":{\"@id\":\"https:\\\/\\\/athleatcoach.com\\\/en\\\/#organization\"},\"potentialAction\":[{\"@type\":\"SearchAction\",\"target\":{\"@type\":\"EntryPoint\",\"urlTemplate\":\"https:\\\/\\\/athleatcoach.com\\\/en\\\/?s={search_term_string}\"},\"query-input\":{\"@type\":\"PropertyValueSpecification\",\"valueRequired\":true,\"valueName\":\"search_term_string\"}}],\"inLanguage\":\"en-US\"},{\"@type\":\"Organization\",\"@id\":\"https:\\\/\\\/athleatcoach.com\\\/en\\\/#organization\",\"name\":\"athlEATcoach | Sportern\u00e4hrung\",\"url\":\"https:\\\/\\\/athleatcoach.com\\\/en\\\/\",\"logo\":{\"@type\":\"ImageObject\",\"inLanguage\":\"en-US\",\"@id\":\"https:\\\/\\\/athleatcoach.com\\\/en\\\/#\\\/schema\\\/logo\\\/image\\\/\",\"url\":\"https:\\\/\\\/athleatcoach.com\\\/wp-content\\\/uploads\\\/Logo_athleatcoach.png\",\"contentUrl\":\"https:\\\/\\\/athleatcoach.com\\\/wp-content\\\/uploads\\\/Logo_athleatcoach.png\",\"width\":2000,\"height\":667,\"caption\":\"athlEATcoach | Sportern\u00e4hrung\"},\"image\":{\"@id\":\"https:\\\/\\\/athleatcoach.com\\\/en\\\/#\\\/schema\\\/logo\\\/image\\\/\"},\"sameAs\":[\"https:\\\/\\\/www.instagram.com\\\/team_athleatcoach\\\/\"]}]}<\/script>\n<!-- \/ Yoast SEO plugin. -->","yoast_head_json":{"title":"Imprint - athlEATcoach | Sports Nutrition","robots":{"index":"index","follow":"follow","max-snippet":"max-snippet:-1","max-image-preview":"max-image-preview:large","max-video-preview":"max-video-preview:-1"},"canonical":"https:\/\/athleatcoach.com\/en\/imprint-2\/","og_locale":"en_US","og_type":"article","og_title":"Imprint - athlEATcoach | Sports Nutrition","og_description":"Imprint Information According to \u00a7 5 TMG AthleatcoachJ\u00f6rn Utermann10 Colinton Mains GreenEH139AG EdinburghUnited Kingdom+49 176 58 88 92 48mail@athleatcoach.com Responsible for Content According to \u00a7 55 Para. 2 RStV AthleatcoachJ\u00f6rn Utermann10 Colinton Mains GreenEH139AG EdinburghUnited Kingdom+49 176 58 88 92 48mail@athleatcoach.com Dispute Resolution The European Commission provides a platform for online dispute resolution (ODR): https:\/\/ec.europa.eu\/consumers\/odr. [&hellip;]","og_url":"https:\/\/athleatcoach.com\/en\/imprint-2\/","og_site_name":"athlEATcoach | Sports Nutrition","article_modified_time":"2025-11-25T13:12:08+00:00","twitter_card":"summary_large_image","twitter_misc":{"Est. reading time":"3 minutes"},"schema":{"@context":"https:\/\/schema.org","@graph":[{"@type":"WebPage","@id":"https:\/\/athleatcoach.com\/en\/imprint-2\/","url":"https:\/\/athleatcoach.com\/en\/imprint-2\/","name":"Imprint - athlEATcoach | Sports Nutrition","isPartOf":{"@id":"https:\/\/athleatcoach.com\/en\/#website"},"datePublished":"2020-06-09T11:00:41+00:00","dateModified":"2025-11-25T13:12:08+00:00","breadcrumb":{"@id":"https:\/\/athleatcoach.com\/en\/imprint-2\/#breadcrumb"},"inLanguage":"en-US","potentialAction":[{"@type":"ReadAction","target":["https:\/\/athleatcoach.com\/en\/imprint-2\/"]}]},{"@type":"BreadcrumbList","@id":"https:\/\/athleatcoach.com\/en\/imprint-2\/#breadcrumb","itemListElement":[{"@type":"ListItem","position":1,"name":"Home","item":"https:\/\/athleatcoach.com\/en\/athleatcoach\/"},{"@type":"ListItem","position":2,"name":"Imprint"}]},{"@type":"WebSite","@id":"https:\/\/athleatcoach.com\/en\/#website","url":"https:\/\/athleatcoach.com\/en\/","name":"athlEATcoach | Sportern\u00e4hrung","description":"Nutrition Coaching f\u00fcr Sportler &amp; Fortbildungen f\u00fcr Trainer","publisher":{"@id":"https:\/\/athleatcoach.com\/en\/#organization"},"potentialAction":[{"@type":"SearchAction","target":{"@type":"EntryPoint","urlTemplate":"https:\/\/athleatcoach.com\/en\/?s={search_term_string}"},"query-input":{"@type":"PropertyValueSpecification","valueRequired":true,"valueName":"search_term_string"}}],"inLanguage":"en-US"},{"@type":"Organization","@id":"https:\/\/athleatcoach.com\/en\/#organization","name":"athlEATcoach | Sportern\u00e4hrung","url":"https:\/\/athleatcoach.com\/en\/","logo":{"@type":"ImageObject","inLanguage":"en-US","@id":"https:\/\/athleatcoach.com\/en\/#\/schema\/logo\/image\/","url":"https:\/\/athleatcoach.com\/wp-content\/uploads\/Logo_athleatcoach.png","contentUrl":"https:\/\/athleatcoach.com\/wp-content\/uploads\/Logo_athleatcoach.png","width":2000,"height":667,"caption":"athlEATcoach | Sportern\u00e4hrung"},"image":{"@id":"https:\/\/athleatcoach.com\/en\/#\/schema\/logo\/image\/"},"sameAs":["https:\/\/www.instagram.com\/team_athleatcoach\/"]}]}},"_links":{"self":[{"href":"https:\/\/athleatcoach.com\/en\/wp-json\/wp\/v2\/pages\/11668","targetHints":{"allow":["GET"]}}],"collection":[{"href":"https:\/\/athleatcoach.com\/en\/wp-json\/wp\/v2\/pages"}],"about":[{"href":"https:\/\/athleatcoach.com\/en\/wp-json\/wp\/v2\/types\/page"}],"author":[{"embeddable":true,"href":"https:\/\/athleatcoach.com\/en\/wp-json\/wp\/v2\/users\/8"}],"replies":[{"embeddable":true,"href":"https:\/\/athleatcoach.com\/en\/wp-json\/wp\/v2\/comments?post=11668"}],"version-history":[{"count":0,"href":"https:\/\/athleatcoach.com\/en\/wp-json\/wp\/v2\/pages\/11668\/revisions"}],"wp:attachment":[{"href":"https:\/\/athleatcoach.com\/en\/wp-json\/wp\/v2\/media?parent=11668"}],"curies":[{"name":"wp","href":"https:\/\/api.w.org\/{rel}","templated":true}]}}