{"id":12852,"date":"2026-03-16T19:40:07","date_gmt":"2026-03-16T18:40:07","guid":{"rendered":"https:\/\/athleatcoach.com\/?page_id=12852"},"modified":"2026-04-15T12:11:46","modified_gmt":"2026-04-15T10:11:46","slug":"knowledge-base","status":"publish","type":"page","link":"https:\/\/athleatcoach.com\/en\/knowledge-base\/","title":{"rendered":"Knowledge Base"},"content":{"rendered":"<p>[et_pb_section fb_built=&#8221;1&#8243; _builder_version=&#8221;4.22.0&#8243; background_image=&#8221;https:\/\/athleatcoach.com\/wp-content\/uploads\/8-2.png&#8221; height=&#8221;440px&#8221; global_colors_info=&#8221;{}&#8221;][et_pb_row column_structure=&#8221;1_2,1_2&#8243; make_equal=&#8221;on&#8221; _builder_version=&#8221;4.16&#8243; width=&#8221;100%&#8221; max_width=&#8221;1200px&#8221; height=&#8221;100%&#8221; global_colors_info=&#8221;{}&#8221;][et_pb_column type=&#8221;1_2&#8243; _builder_version=&#8221;4.16&#8243; background_color=&#8221;#000000&#8243; custom_padding=&#8221;40px|40px|40px|40px|false|false&#8221; custom_css_main_element=&#8221;margin: auto auto 0;&#8221; global_colors_info=&#8221;{}&#8221;][et_pb_text _builder_version=&#8221;4.27.6&#8243; locked=&#8221;off&#8221; global_colors_info=&#8221;{}&#8221;]<\/p>\n<h4>Athl<em>EAT<\/em>Coach | Coaching \u2022 Education \u2022 Consulting<\/h4>\n<h1>Knowledgebase<\/h1>\n<p>[\/et_pb_text][\/et_pb_column][et_pb_column type=&#8221;1_2&#8243; _builder_version=&#8221;4.16&#8243; global_colors_info=&#8221;{}&#8221;][\/et_pb_column][\/et_pb_row][\/et_pb_section][et_pb_section fb_built=&#8221;1&#8243; _builder_version=&#8221;4.16&#8243; global_colors_info=&#8221;{}&#8221;][et_pb_row use_custom_gutter=&#8221;on&#8221; gutter_width=&#8221;1&#8243; make_equal=&#8221;on&#8221; _builder_version=&#8221;4.27.6&#8243; custom_margin=&#8221;0px||0px||true|false&#8221; global_colors_info=&#8221;{}&#8221;][et_pb_column type=&#8221;4_4&#8243; _builder_version=&#8221;4.16&#8243; global_colors_info=&#8221;{}&#8221;][et_pb_text _builder_version=&#8221;4.27.6&#8243; custom_margin=&#8221;0px||0px||true|false&#8221; custom_padding=&#8221;||||true&#8221; global_colors_info=&#8221;{}&#8221;]<\/p>\n<p><span>Nutrition science can be quite confusing, with many people promoting different foods and recommendations. That&#8217;s why I strive to break down the latest scientific findings into a simple and understandable format. If this aligns with your goals, we would be happy to collaborate and share our expertise with you. <\/span><\/p>\n<p>[\/et_pb_text][\/et_pb_column][\/et_pb_row][et_pb_row use_custom_gutter=&#8221;on&#8221; gutter_width=&#8221;2&#8243; make_equal=&#8221;on&#8221; _builder_version=&#8221;4.16&#8243; global_colors_info=&#8221;{}&#8221;][et_pb_column type=&#8221;4_4&#8243; _builder_version=&#8221;4.16&#8243; global_colors_info=&#8221;{}&#8221;][et_pb_de_mach_filter_posts search_button_text=&#8221;Filter&#8221; button_sidebyside=&#8221;on&#8221; select2=&#8221;on&#8221; filter_location=&#8221;fullwidth&#8221; fullwidth_columns_mobile=&#8221;auto&#8221; column_min_width=&#8221;155px&#8221; column_gap=&#8221;10px&#8221; show_reset_on_update=&#8221;on&#8221; _builder_version=&#8221;4.27.6&#8243; _module_preset=&#8221;default&#8221; custom_button=&#8221;on&#8221; button_text_color=&#8221;#FFFFFF&#8221; button_bg_color=&#8221;#006b2f&#8221; button_border_radius=&#8221;15px&#8221; custom_search_button=&#8221;on&#8221; search_button_text_color=&#8221;#FFFFFF&#8221; search_button_bg_color=&#8221;#006b2f&#8221; search_button_border_radius=&#8221;16px&#8221; search_button_custom_margin=&#8221;|10px|||false|false&#8221; global_colors_info=&#8221;{}&#8221;][et_pb_de_mach_search_posts_item title=&#8221;Audience Type&#8221; filter_post_type=&#8221;taxonomy&#8221; custom_tax_choose=&#8221;audience&#8221; post_type_choose=&#8221;knowledge_base&#8221; acf_filter_type=&#8221;radio&#8221; filter_params=&#8221;yes_title&#8221; field_id=&#8221;Field_1&#8243; radio_deselect=&#8221;on&#8221; radio_style=&#8221;tick_box&#8221; sub_cat_indent_prefix=&#8221;indent&#8221; cat_sub_collapsible=&#8221;on&#8221; cat_sub_collapsible_all=&#8221;on&#8221; _builder_version=&#8221;4.27.6&#8243; _module_preset=&#8221;default&#8221; global_colors_info=&#8221;{}&#8221;][\/et_pb_de_mach_search_posts_item][et_pb_de_mach_search_posts_item title=&#8221;KB Type&#8221; filter_post_type=&#8221;taxonomy&#8221; custom_tax_choose=&#8221;free-resources&#8221; post_type_choose=&#8221;knowledge_base&#8221; acf_filter_type=&#8221;radio&#8221; uncheck_init_terms=&#8221;on&#8221; filter_params=&#8221;yes_title&#8221; radio_show_empty=&#8221;on&#8221; hide_empty_on_load_only=&#8221;on&#8221; field_id=&#8221;Field_2&#8243; cat_sub_collapsible=&#8221;on&#8221; _builder_version=&#8221;4.27.6&#8243; _module_preset=&#8221;default&#8221; global_colors_info=&#8221;{}&#8221;][\/et_pb_de_mach_search_posts_item][et_pb_de_mach_search_posts_item title=&#8221;KB Type&#8221; filter_post_type=&#8221;taxonomy&#8221; custom_tax_choose=&#8221;product&#8221; post_type_choose=&#8221;knowledge_base&#8221; acf_filter_type=&#8221;radio&#8221; uncheck_init_terms=&#8221;on&#8221; filter_params=&#8221;yes_title&#8221; radio_show_empty=&#8221;on&#8221; hide_empty_on_load_only=&#8221;on&#8221; field_id=&#8221;Field_2_2&#8243; cat_sub_collapsible=&#8221;on&#8221; _builder_version=&#8221;4.27.6&#8243; _module_preset=&#8221;default&#8221; global_colors_info=&#8221;{}&#8221;][\/et_pb_de_mach_search_posts_item][\/et_pb_de_mach_filter_posts][et_pb_search exclude_pages=&#8221;on&#8221; include_categories=&#8221;285,289,297,261,290,255,250,272,258,263,270,346,228,281,280&#8243; placeholder=&#8221;Geben Sie einen bestimmten Suchbegriff ein&#8221; button_color=&#8221;#006b2f&#8221; _builder_version=&#8221;4.27.6&#8243; _module_preset=&#8221;default&#8221; text_orientation=&#8221;center&#8221; background_layout=&#8221;dark&#8221; border_radii=&#8221;on|0px|0px|0px|0px&#8221; global_colors_info=&#8221;{}&#8221;][\/et_pb_search][et_pb_db_filter_loop post_type_choose=&#8221;knowledge_base&#8221; cat_loop_style=&#8221;on&#8221; loop_templates=&#8221;divi-blog&#8221; show_results_count=&#8221;on&#8221; results_count_position=&#8221;bottom&#8221; enable_loadmore=&#8221;on&#8221; show_read_more=&#8221;on&#8221; _builder_version=&#8221;4.27.6&#8243; _module_preset=&#8221;default&#8221; custom_add_to_cart_button=&#8221;on&#8221; add_to_cart_button_text_color=&#8221;#FFFFFF&#8221; add_to_cart_button_bg_color=&#8221;#006b2f&#8221; add_to_cart_button_border_radius=&#8221;15px&#8221; custom_button=&#8221;on&#8221; button_text_color=&#8221;#FFFFFF&#8221; button_bg_color=&#8221;#006b2f&#8221; button_border_radius=&#8221;15px&#8221; global_colors_info=&#8221;{}&#8221;][\/et_pb_db_filter_loop][\/et_pb_column][\/et_pb_row][\/et_pb_section][et_pb_section fb_built=&#8221;1&#8243; admin_label=&#8221;Globaler Kontakt EN&#8221; module_id=&#8221;contact&#8221; _builder_version=&#8221;4.9.10&#8243; background_color=&#8221;#f8f8f8&#8243; global_module=&#8221;7043&#8243; saved_tabs=&#8221;all&#8221; collapsed=&#8221;off&#8221; global_colors_info=&#8221;{}&#8221;][et_pb_row column_structure=&#8221;1_3,2_3&#8243; _builder_version=&#8221;4.16&#8243; global_colors_info=&#8221;{}&#8221;][et_pb_column type=&#8221;1_3&#8243; _builder_version=&#8221;4.16&#8243; global_colors_info=&#8221;{}&#8221;][et_pb_text _builder_version=&#8221;4.16&#8243; global_colors_info=&#8221;{}&#8221;]<\/p>\n<h2>Do You Have any Question?<br \/>Feel Free to Drop Us a Message<\/h2>\n<p>[\/et_pb_text][et_pb_text _builder_version=&#8221;4.16&#8243; global_colors_info=&#8221;{}&#8221;]<\/p>\n<p>We are happy to answer your questions \u2014 whether they are specific questions regarding our services or general enquiries. We look forward to hearing from you! <\/p>\n<p><strong>athlEATcoach<\/strong><br \/>J\u00f6rn Utermann<br \/>10 Colinton Mains Green<br \/>EH139AG Edinburgh<br \/>United Kingdom<br \/><a href=\"tel:004917658889248\">+49 176 58 88 92 48<\/a><br \/><a href=\"mailto:mail@athleatcoach.com\">mail@athleatcoach.com<\/a><\/p>\n<p>[\/et_pb_text][\/et_pb_column][et_pb_column type=&#8221;2_3&#8243; _builder_version=&#8221;4.16&#8243; global_colors_info=&#8221;{}&#8221;][et_pb_text _builder_version=&#8221;4.16&#8243; global_colors_info=&#8221;{}&#8221;]<\/p>\n<h2>Contact Us<\/h2>\n<p>[\/et_pb_text][et_pb_contact_form captcha=&#8221;off&#8221; submit_button_text=&#8221;Submit&#8221; _builder_version=&#8221;4.16&#8243; _module_preset=&#8221;default&#8221; _unique_id=&#8221;bb117241-bc8e-4f87-b171-537ec5a423a9&#8243; form_field_text_align=&#8221;left&#8221; custom_button=&#8221;on&#8221; button_text_size=&#8221;14px&#8221; button_text_color=&#8221;#ffffff&#8221; button_bg_color=&#8221;#006b2f&#8221; button_border_width=&#8221;0px&#8221; button_border_radius=&#8221;0px&#8221; button_font=&#8221;||||||||&#8221; button_use_icon=&#8221;off&#8221; button_custom_margin=&#8221;|||0px|false|false&#8221; button_custom_padding=&#8221;12px|24px|12px|24px|false|false&#8221; text_orientation=&#8221;left&#8221; global_colors_info=&#8221;{}&#8221;][et_pb_contact_field field_id=&#8221;Name&#8221; field_title=&#8221;Name&#8221; _builder_version=&#8221;4.16&#8243; global_colors_info=&#8221;{}&#8221; button_text_size__hover_enabled=&#8221;off&#8221; button_one_text_size__hover_enabled=&#8221;off&#8221; button_two_text_size__hover_enabled=&#8221;off&#8221; button_text_color__hover_enabled=&#8221;off&#8221; button_one_text_color__hover_enabled=&#8221;off&#8221; button_two_text_color__hover_enabled=&#8221;off&#8221; button_border_width__hover_enabled=&#8221;off&#8221; button_one_border_width__hover_enabled=&#8221;off&#8221; button_two_border_width__hover_enabled=&#8221;off&#8221; button_border_color__hover_enabled=&#8221;off&#8221; button_one_border_color__hover_enabled=&#8221;off&#8221; button_two_border_color__hover_enabled=&#8221;off&#8221; button_border_radius__hover_enabled=&#8221;off&#8221; button_one_border_radius__hover_enabled=&#8221;off&#8221; button_two_border_radius__hover_enabled=&#8221;off&#8221; button_letter_spacing__hover_enabled=&#8221;off&#8221; button_one_letter_spacing__hover_enabled=&#8221;off&#8221; button_two_letter_spacing__hover_enabled=&#8221;off&#8221; button_bg_color__hover_enabled=&#8221;off&#8221; button_one_bg_color__hover_enabled=&#8221;off&#8221; button_two_bg_color__hover_enabled=&#8221;off&#8221;][\/et_pb_contact_field][et_pb_contact_field field_id=&#8221;Email&#8221; field_title=&#8221;E-Mail&#8221; field_type=&#8221;email&#8221; _builder_version=&#8221;4.16&#8243; global_colors_info=&#8221;{}&#8221; button_text_size__hover_enabled=&#8221;off&#8221; button_one_text_size__hover_enabled=&#8221;off&#8221; button_two_text_size__hover_enabled=&#8221;off&#8221; button_text_color__hover_enabled=&#8221;off&#8221; button_one_text_color__hover_enabled=&#8221;off&#8221; button_two_text_color__hover_enabled=&#8221;off&#8221; button_border_width__hover_enabled=&#8221;off&#8221; button_one_border_width__hover_enabled=&#8221;off&#8221; button_two_border_width__hover_enabled=&#8221;off&#8221; button_border_color__hover_enabled=&#8221;off&#8221; button_one_border_color__hover_enabled=&#8221;off&#8221; button_two_border_color__hover_enabled=&#8221;off&#8221; button_border_radius__hover_enabled=&#8221;off&#8221; button_one_border_radius__hover_enabled=&#8221;off&#8221; button_two_border_radius__hover_enabled=&#8221;off&#8221; button_letter_spacing__hover_enabled=&#8221;off&#8221; button_one_letter_spacing__hover_enabled=&#8221;off&#8221; button_two_letter_spacing__hover_enabled=&#8221;off&#8221; button_bg_color__hover_enabled=&#8221;off&#8221; button_one_bg_color__hover_enabled=&#8221;off&#8221; button_two_bg_color__hover_enabled=&#8221;off&#8221;][\/et_pb_contact_field][et_pb_contact_field field_id=&#8221;Message&#8221; field_title=&#8221;Message&#8221; field_type=&#8221;text&#8221; fullwidth_field=&#8221;on&#8221; _builder_version=&#8221;4.16&#8243; global_colors_info=&#8221;{}&#8221; button_text_size__hover_enabled=&#8221;off&#8221; button_one_text_size__hover_enabled=&#8221;off&#8221; button_two_text_size__hover_enabled=&#8221;off&#8221; button_text_color__hover_enabled=&#8221;off&#8221; button_one_text_color__hover_enabled=&#8221;off&#8221; button_two_text_color__hover_enabled=&#8221;off&#8221; button_border_width__hover_enabled=&#8221;off&#8221; button_one_border_width__hover_enabled=&#8221;off&#8221; button_two_border_width__hover_enabled=&#8221;off&#8221; button_border_color__hover_enabled=&#8221;off&#8221; button_one_border_color__hover_enabled=&#8221;off&#8221; button_two_border_color__hover_enabled=&#8221;off&#8221; button_border_radius__hover_enabled=&#8221;off&#8221; button_one_border_radius__hover_enabled=&#8221;off&#8221; button_two_border_radius__hover_enabled=&#8221;off&#8221; button_letter_spacing__hover_enabled=&#8221;off&#8221; button_one_letter_spacing__hover_enabled=&#8221;off&#8221; button_two_letter_spacing__hover_enabled=&#8221;off&#8221; button_bg_color__hover_enabled=&#8221;off&#8221; button_one_bg_color__hover_enabled=&#8221;off&#8221; button_two_bg_color__hover_enabled=&#8221;off&#8221;][\/et_pb_contact_field][et_pb_contact_field field_id=&#8221;Field_4&#8243; field_title=&#8221; &#8221; field_type=&#8221;checkbox&#8221; checkbox_options=&#8221;%91{%22value%22:%22Yes, I agree that my data will be transmitted and processed in the course of this request. I have also been informed that the collection, processing and use of my data is on a voluntary basis. Furthermore, that I can refuse my consent without adverse consequences for me or revoke it at any time with effect for the future.  %22,%22checked%22:0,%22dragID%22:-1}%93&#8243; fullwidth_field=&#8221;on&#8221; _builder_version=&#8221;4.16&#8243; _module_preset=&#8221;default&#8221; global_colors_info=&#8221;{}&#8221;][\/et_pb_contact_field][\/et_pb_contact_form][\/et_pb_column][\/et_pb_row][\/et_pb_section]<\/p>\n","protected":false},"excerpt":{"rendered":"<p>AthlEATCoach | Coaching \u2022 Education \u2022 Consulting KnowledgebaseNutrition science can be quite confusing, with many people promoting different foods and recommendations. That&#8217;s why I strive to break down the latest scientific findings into a simple and understandable format. If this aligns with your goals, we would be happy to collaborate and share our expertise with [&hellip;]<\/p>\n","protected":false},"author":14,"featured_media":0,"parent":0,"menu_order":0,"comment_status":"closed","ping_status":"closed","template":"","meta":{"_acf_changed":false,"_et_pb_use_builder":"on","_et_pb_old_content":"","_et_gb_content_width":"","footnotes":""},"class_list":["post-12852","page","type-page","status-publish","hentry"],"acf":[],"yoast_head":"<!-- This site is optimized with the Yoast SEO plugin v27.4 - https:\/\/yoast.com\/product\/yoast-seo-wordpress\/ -->\n<title>Knowledge Base - athlEATcoach | Sports Nutrition<\/title>\n<meta name=\"robots\" content=\"index, follow, max-snippet:-1, max-image-preview:large, max-video-preview:-1\" \/>\n<link rel=\"canonical\" href=\"https:\/\/athleatcoach.com\/en\/knowledge-base\/\" \/>\n<meta property=\"og:locale\" content=\"en_US\" \/>\n<meta property=\"og:type\" content=\"article\" \/>\n<meta property=\"og:title\" content=\"Knowledge Base - athlEATcoach | Sports Nutrition\" \/>\n<meta property=\"og:description\" content=\"AthlEATCoach | Coaching \u2022 Education \u2022 Consulting KnowledgebaseNutrition science can be quite confusing, with many people promoting different foods and recommendations. That&#039;s why I strive to break down the latest scientific findings into a simple and understandable format. If this aligns with your goals, we would be happy to collaborate and share our expertise with [&hellip;]\" \/>\n<meta property=\"og:url\" content=\"https:\/\/athleatcoach.com\/en\/knowledge-base\/\" \/>\n<meta property=\"og:site_name\" content=\"athlEATcoach | Sports Nutrition\" \/>\n<meta property=\"article:modified_time\" content=\"2026-04-15T10:11:46+00:00\" \/>\n<meta name=\"twitter:card\" content=\"summary_large_image\" \/>\n<meta name=\"twitter:label1\" content=\"Est. reading time\" \/>\n\t<meta name=\"twitter:data1\" content=\"8 minutes\" \/>\n<script type=\"application\/ld+json\" class=\"yoast-schema-graph\">{\"@context\":\"https:\\\/\\\/schema.org\",\"@graph\":[{\"@type\":\"WebPage\",\"@id\":\"https:\\\/\\\/athleatcoach.com\\\/en\\\/knowledge-base\\\/\",\"url\":\"https:\\\/\\\/athleatcoach.com\\\/en\\\/knowledge-base\\\/\",\"name\":\"Knowledge Base - athlEATcoach | Sports Nutrition\",\"isPartOf\":{\"@id\":\"https:\\\/\\\/athleatcoach.com\\\/en\\\/#website\"},\"datePublished\":\"2026-03-16T18:40:07+00:00\",\"dateModified\":\"2026-04-15T10:11:46+00:00\",\"breadcrumb\":{\"@id\":\"https:\\\/\\\/athleatcoach.com\\\/en\\\/knowledge-base\\\/#breadcrumb\"},\"inLanguage\":\"en-US\",\"potentialAction\":[{\"@type\":\"ReadAction\",\"target\":[\"https:\\\/\\\/athleatcoach.com\\\/en\\\/knowledge-base\\\/\"]}]},{\"@type\":\"BreadcrumbList\",\"@id\":\"https:\\\/\\\/athleatcoach.com\\\/en\\\/knowledge-base\\\/#breadcrumb\",\"itemListElement\":[{\"@type\":\"ListItem\",\"position\":1,\"name\":\"Home\",\"item\":\"https:\\\/\\\/athleatcoach.com\\\/en\\\/athleatcoach\\\/\"},{\"@type\":\"ListItem\",\"position\":2,\"name\":\"Knowledge Base\"}]},{\"@type\":\"WebSite\",\"@id\":\"https:\\\/\\\/athleatcoach.com\\\/en\\\/#website\",\"url\":\"https:\\\/\\\/athleatcoach.com\\\/en\\\/\",\"name\":\"athlEATcoach | Sportern\u00e4hrung\",\"description\":\"Nutrition Coaching f\u00fcr Sportler &amp; Fortbildungen f\u00fcr Trainer\",\"publisher\":{\"@id\":\"https:\\\/\\\/athleatcoach.com\\\/en\\\/#organization\"},\"potentialAction\":[{\"@type\":\"SearchAction\",\"target\":{\"@type\":\"EntryPoint\",\"urlTemplate\":\"https:\\\/\\\/athleatcoach.com\\\/en\\\/?s={search_term_string}\"},\"query-input\":{\"@type\":\"PropertyValueSpecification\",\"valueRequired\":true,\"valueName\":\"search_term_string\"}}],\"inLanguage\":\"en-US\"},{\"@type\":\"Organization\",\"@id\":\"https:\\\/\\\/athleatcoach.com\\\/en\\\/#organization\",\"name\":\"athlEATcoach | Sportern\u00e4hrung\",\"url\":\"https:\\\/\\\/athleatcoach.com\\\/en\\\/\",\"logo\":{\"@type\":\"ImageObject\",\"inLanguage\":\"en-US\",\"@id\":\"https:\\\/\\\/athleatcoach.com\\\/en\\\/#\\\/schema\\\/logo\\\/image\\\/\",\"url\":\"https:\\\/\\\/athleatcoach.com\\\/wp-content\\\/uploads\\\/Logo_athleatcoach.png\",\"contentUrl\":\"https:\\\/\\\/athleatcoach.com\\\/wp-content\\\/uploads\\\/Logo_athleatcoach.png\",\"width\":2000,\"height\":667,\"caption\":\"athlEATcoach | Sportern\u00e4hrung\"},\"image\":{\"@id\":\"https:\\\/\\\/athleatcoach.com\\\/en\\\/#\\\/schema\\\/logo\\\/image\\\/\"},\"sameAs\":[\"https:\\\/\\\/www.instagram.com\\\/team_athleatcoach\\\/\"]}]}<\/script>\n<!-- \/ Yoast SEO plugin. -->","yoast_head_json":{"title":"Knowledge Base - athlEATcoach | Sports Nutrition","robots":{"index":"index","follow":"follow","max-snippet":"max-snippet:-1","max-image-preview":"max-image-preview:large","max-video-preview":"max-video-preview:-1"},"canonical":"https:\/\/athleatcoach.com\/en\/knowledge-base\/","og_locale":"en_US","og_type":"article","og_title":"Knowledge Base - athlEATcoach | Sports Nutrition","og_description":"AthlEATCoach | Coaching \u2022 Education \u2022 Consulting KnowledgebaseNutrition science can be quite confusing, with many people promoting different foods and recommendations. That's why I strive to break down the latest scientific findings into a simple and understandable format. If this aligns with your goals, we would be happy to collaborate and share our expertise with [&hellip;]","og_url":"https:\/\/athleatcoach.com\/en\/knowledge-base\/","og_site_name":"athlEATcoach | Sports Nutrition","article_modified_time":"2026-04-15T10:11:46+00:00","twitter_card":"summary_large_image","twitter_misc":{"Est. reading time":"8 minutes"},"schema":{"@context":"https:\/\/schema.org","@graph":[{"@type":"WebPage","@id":"https:\/\/athleatcoach.com\/en\/knowledge-base\/","url":"https:\/\/athleatcoach.com\/en\/knowledge-base\/","name":"Knowledge Base - athlEATcoach | Sports Nutrition","isPartOf":{"@id":"https:\/\/athleatcoach.com\/en\/#website"},"datePublished":"2026-03-16T18:40:07+00:00","dateModified":"2026-04-15T10:11:46+00:00","breadcrumb":{"@id":"https:\/\/athleatcoach.com\/en\/knowledge-base\/#breadcrumb"},"inLanguage":"en-US","potentialAction":[{"@type":"ReadAction","target":["https:\/\/athleatcoach.com\/en\/knowledge-base\/"]}]},{"@type":"BreadcrumbList","@id":"https:\/\/athleatcoach.com\/en\/knowledge-base\/#breadcrumb","itemListElement":[{"@type":"ListItem","position":1,"name":"Home","item":"https:\/\/athleatcoach.com\/en\/athleatcoach\/"},{"@type":"ListItem","position":2,"name":"Knowledge Base"}]},{"@type":"WebSite","@id":"https:\/\/athleatcoach.com\/en\/#website","url":"https:\/\/athleatcoach.com\/en\/","name":"athlEATcoach | Sportern\u00e4hrung","description":"Nutrition Coaching f\u00fcr Sportler &amp; Fortbildungen f\u00fcr Trainer","publisher":{"@id":"https:\/\/athleatcoach.com\/en\/#organization"},"potentialAction":[{"@type":"SearchAction","target":{"@type":"EntryPoint","urlTemplate":"https:\/\/athleatcoach.com\/en\/?s={search_term_string}"},"query-input":{"@type":"PropertyValueSpecification","valueRequired":true,"valueName":"search_term_string"}}],"inLanguage":"en-US"},{"@type":"Organization","@id":"https:\/\/athleatcoach.com\/en\/#organization","name":"athlEATcoach | Sportern\u00e4hrung","url":"https:\/\/athleatcoach.com\/en\/","logo":{"@type":"ImageObject","inLanguage":"en-US","@id":"https:\/\/athleatcoach.com\/en\/#\/schema\/logo\/image\/","url":"https:\/\/athleatcoach.com\/wp-content\/uploads\/Logo_athleatcoach.png","contentUrl":"https:\/\/athleatcoach.com\/wp-content\/uploads\/Logo_athleatcoach.png","width":2000,"height":667,"caption":"athlEATcoach | Sportern\u00e4hrung"},"image":{"@id":"https:\/\/athleatcoach.com\/en\/#\/schema\/logo\/image\/"},"sameAs":["https:\/\/www.instagram.com\/team_athleatcoach\/"]}]}},"_links":{"self":[{"href":"https:\/\/athleatcoach.com\/en\/wp-json\/wp\/v2\/pages\/12852","targetHints":{"allow":["GET"]}}],"collection":[{"href":"https:\/\/athleatcoach.com\/en\/wp-json\/wp\/v2\/pages"}],"about":[{"href":"https:\/\/athleatcoach.com\/en\/wp-json\/wp\/v2\/types\/page"}],"author":[{"embeddable":true,"href":"https:\/\/athleatcoach.com\/en\/wp-json\/wp\/v2\/users\/14"}],"replies":[{"embeddable":true,"href":"https:\/\/athleatcoach.com\/en\/wp-json\/wp\/v2\/comments?post=12852"}],"version-history":[{"count":0,"href":"https:\/\/athleatcoach.com\/en\/wp-json\/wp\/v2\/pages\/12852\/revisions"}],"wp:attachment":[{"href":"https:\/\/athleatcoach.com\/en\/wp-json\/wp\/v2\/media?parent=12852"}],"curies":[{"name":"wp","href":"https:\/\/api.w.org\/{rel}","templated":true}]}}